{"id":14473,"date":"2024-08-19T12:38:53","date_gmt":"2024-08-19T12:38:53","guid":{"rendered":"http:\/\/qdj-prototype.com\/?page_id=14473"},"modified":"2025-03-21T14:27:50","modified_gmt":"2025-03-21T14:27:50","slug":"quality-control","status":"publish","type":"page","link":"https:\/\/qdj-prototype.com\/de\/quality-control\/","title":{"rendered":"Qualit\u00e4tskontrolle"},"content":{"rendered":"<section class=\"gb-container gb-container-53ff3c59 alignfull\">\n<div class=\"gb-container gb-container-6fdb1a46\">\n<h3 class=\"gb-headline gb-headline-1e75eccf gb-headline-text\">Sie haben es entworfen, wir haben es gemacht<\/h3>\n\n<h2 class=\"gb-headline gb-headline-ebad4560 gb-headline-text\">Qualit\u00e4tskontrolle<\/h2>\n\n<p class=\"gb-headline gb-headline-5759ce2d gb-headline-text\">At QDJ-PROTOTYPE, we ensure global delivery of high-quality prototypes through our ISO certified system and stringent quality control processes.<\/p>\n\n<div class=\"gb-container gb-container-40bb03f1\">\n<a class=\"gb-button gb-button-37880a53 gb-button-text\" href=\"http:\/\/qdj-prototype.com\/de\/ein-angebot-anfordern\/\">Jetzt ein Angebot einholen<\/a>\n<\/div>\n<\/div>\n<\/section><section class=\"gb-container gb-container-56984af2 alignwide\">\n<p class=\"gb-headline gb-headline-eb3faeab gb-headline-text\">Bei QDJ-PROTOTYPE ist Qualit\u00e4t unsere Priorit\u00e4t. Unser strenges Qualit\u00e4tskontrollsystem stellt sicher, dass jedes Projekt den h\u00f6chsten Standards entspricht. Wir \u00fcberwachen und kontrollieren den gesamten Prozess von der Produktion bis zur Auslieferung und dem Kundenfeedback mit Hilfe fortschrittlicher QC-Tools und Ausr\u00fcstung. Unsere Inspektoren \u00fcberpr\u00fcfen jeden einzelnen Schritt, um sicherzustellen, dass die Produkte genau der Bestellung entsprechen. Mit unserem ISO 9001-zertifizierten System, pr\u00e4ziser Ausr\u00fcstung und strengen Prozessen liefern wir weltweit hochwertige Prototypen.<\/p>\n\n<div class=\"gb-container gb-container-5c606c3a\">\n<div class=\"gb-grid-wrapper gb-grid-wrapper-7d74b063\">\n<div class=\"gb-grid-column gb-grid-column-c96e0d17\"><div class=\"gb-container gb-container-c96e0d17\">\n<figure class=\"gb-block-image gb-block-image-dfd7117c\"><img decoding=\"async\" width=\"300\" height=\"300\" class=\"gb-image gb-image-dfd7117c\" src=\"http:\/\/qdj-prototype.com\/wp-content\/uploads\/2024\/12\/certified-ISO9001.png\" alt=\"certified ISO 9001 QDJ-PROTOTYPE\" title=\"certified ISO9001\" srcset=\"https:\/\/qdj-prototype.com\/wp-content\/uploads\/2024\/12\/certified-ISO9001.png 300w, https:\/\/qdj-prototype.com\/wp-content\/uploads\/2024\/12\/certified-ISO9001-150x150.png 150w, https:\/\/qdj-prototype.com\/wp-content\/uploads\/2024\/12\/certified-ISO9001-12x12.png 12w, https:\/\/qdj-prototype.com\/wp-content\/uploads\/2024\/12\/certified-ISO9001-100x100.png 100w\" sizes=\"(max-width: 300px) 100vw, 300px\" \/><\/figure>\n<\/div><\/div>\n\n<div class=\"gb-grid-column gb-grid-column-9029b7be\"><div class=\"gb-container gb-container-9029b7be\">\n<figure class=\"gb-block-image gb-block-image-3e050eb7\"><img decoding=\"async\" width=\"300\" height=\"300\" class=\"gb-image gb-image-3e050eb7\" src=\"http:\/\/qdj-prototype.com\/wp-content\/uploads\/2024\/12\/certified-ISO13485.png\" alt=\"certified ISO 13845 of Quality Control in QDJ-PROTOTYPE\" title=\"certified ISO13485\" srcset=\"https:\/\/qdj-prototype.com\/wp-content\/uploads\/2024\/12\/certified-ISO13485.png 300w, https:\/\/qdj-prototype.com\/wp-content\/uploads\/2024\/12\/certified-ISO13485-150x150.png 150w, https:\/\/qdj-prototype.com\/wp-content\/uploads\/2024\/12\/certified-ISO13485-12x12.png 12w, https:\/\/qdj-prototype.com\/wp-content\/uploads\/2024\/12\/certified-ISO13485-100x100.png 100w\" sizes=\"(max-width: 300px) 100vw, 300px\" \/><\/figure>\n<\/div><\/div>\n\n<div class=\"gb-grid-column gb-grid-column-0df9ddcc\"><div class=\"gb-container gb-container-0df9ddcc\">\n<figure class=\"gb-block-image gb-block-image-7b0eeb3d\"><img decoding=\"async\" width=\"300\" height=\"300\" class=\"gb-image gb-image-7b0eeb3d\" src=\"http:\/\/qdj-prototype.com\/wp-content\/uploads\/2024\/12\/certified-IATF16949.png\" alt=\"certified IATF of Quality Control in QDJ-PROTOTYPE\" title=\"certified IATF16949\" srcset=\"https:\/\/qdj-prototype.com\/wp-content\/uploads\/2024\/12\/certified-IATF16949.png 300w, https:\/\/qdj-prototype.com\/wp-content\/uploads\/2024\/12\/certified-IATF16949-150x150.png 150w, https:\/\/qdj-prototype.com\/wp-content\/uploads\/2024\/12\/certified-IATF16949-12x12.png 12w, https:\/\/qdj-prototype.com\/wp-content\/uploads\/2024\/12\/certified-IATF16949-100x100.png 100w\" sizes=\"(max-width: 300px) 100vw, 300px\" \/><\/figure>\n<\/div><\/div>\n<\/div>\n<\/div>\n<\/section><section class=\"gb-container gb-container-0a69ee58\">\n<h2 class=\"gb-headline gb-headline-da857073\"><span class=\"gb-icon\"><svg viewbox=\"0 0 218.28 17.62\" xmlns=\"http:\/\/www.w3.org\/2000\/svg\" data-name=\"Capa 1\"><path d=\"M0 0h217.92v17.62H0z\"><\/path><\/svg><\/span><span class=\"gb-headline-text\">Our Quality Control Processes<\/span><\/h2>\n\n<div class=\"gb-container gb-container-02c9deb6\">\n<div class=\"gb-container gb-container-bf74d554\">\n<p class=\"gb-headline gb-headline-addfbacd gb-headline-text\">We employ a systematic quality control process to ensure that every step adheres to strict standards.<\/p>\n\n<p class=\"gb-headline gb-headline-362b877c\"><span class=\"gb-icon\"><svg aria-hidden=\"true\" role=\"img\" height=\"1em\" width=\"1em\" viewbox=\"0 0 512 512\" xmlns=\"http:\/\/www.w3.org\/2000\/svg\"><path fill=\"currentColor\" d=\"M504 256c0 136.967-111.033 248-248 248S8 392.967 8 256 119.033 8 256 8s248 111.033 248 248zM227.314 387.314l184-184c6.248-6.248 6.248-16.379 0-22.627l-22.627-22.627c-6.248-6.249-16.379-6.249-22.628 0L216 308.118l-70.059-70.059c-6.248-6.248-16.379-6.248-22.628 0l-22.627 22.627c-6.248 6.248-6.248 16.379 0 22.627l104 104c6.249 6.249 16.379 6.249 22.628.001z\"><\/path><\/svg><\/span><span class=\"gb-headline-text\"><strong><mark style=\"background-color:rgba(0, 0, 0, 0)\" class=\"has-inline-color has-accent-color\">Pre-Production: <\/mark><\/strong>Detailed review of materials and design drawings to ensure all preparations are complete before manufacturing begins.<\/span><\/p>\n\n<p class=\"gb-headline gb-headline-73a899a6\"><span class=\"gb-icon\"><svg aria-hidden=\"true\" role=\"img\" height=\"1em\" width=\"1em\" viewbox=\"0 0 512 512\" xmlns=\"http:\/\/www.w3.org\/2000\/svg\"><path fill=\"currentColor\" d=\"M504 256c0 136.967-111.033 248-248 248S8 392.967 8 256 119.033 8 256 8s248 111.033 248 248zM227.314 387.314l184-184c6.248-6.248 6.248-16.379 0-22.627l-22.627-22.627c-6.248-6.249-16.379-6.249-22.628 0L216 308.118l-70.059-70.059c-6.248-6.248-16.379-6.248-22.628 0l-22.627 22.627c-6.248 6.248-6.248 16.379 0 22.627l104 104c6.249 6.249 16.379 6.249 22.628.001z\"><\/path><\/svg><\/span><span class=\"gb-headline-text\"><mark style=\"background-color:rgba(0, 0, 0, 0)\" class=\"has-inline-color has-accent-color\"><strong>In-Production: <\/strong><\/mark>Continuous monitoring and multiple inspections during the production process to ensure quality requirements are met at every stage.<\/span><\/p>\n\n<p class=\"gb-headline gb-headline-10f3d9d0\"><span class=\"gb-icon\"><svg aria-hidden=\"true\" role=\"img\" height=\"1em\" width=\"1em\" viewbox=\"0 0 512 512\" xmlns=\"http:\/\/www.w3.org\/2000\/svg\"><path fill=\"currentColor\" d=\"M504 256c0 136.967-111.033 248-248 248S8 392.967 8 256 119.033 8 256 8s248 111.033 248 248zM227.314 387.314l184-184c6.248-6.248 6.248-16.379 0-22.627l-22.627-22.627c-6.248-6.249-16.379-6.249-22.628 0L216 308.118l-70.059-70.059c-6.248-6.248-16.379-6.248-22.628 0l-22.627 22.627c-6.248 6.248-6.248 16.379 0 22.627l104 104c6.249 6.249 16.379 6.249 22.628.001z\"><\/path><\/svg><\/span><span class=\"gb-headline-text\"><mark style=\"background-color:rgba(0, 0, 0, 0)\" class=\"has-inline-color has-accent-color\"><strong>Post-Production:<\/strong> <\/mark>Comprehensive final inspections, including dimensional and functional tests, to ensure products fully comply with design specifications.<\/span><\/p>\n<\/div>\n\n<div class=\"gb-container gb-container-fd51f09e\"><\/div>\n<\/div>\n<\/section><div class=\"gb-container gb-container-110a1597\">\n<section class=\"gb-container gb-container-a68f7ee7 alignfull\">\n<div class=\"gb-container gb-container-eaa55387\">\n<h2 class=\"gb-headline gb-headline-30ed1e6b\"><span class=\"gb-icon\"><svg viewbox=\"0 0 218.28 17.62\" xmlns=\"http:\/\/www.w3.org\/2000\/svg\" data-name=\"Capa 1\"><path d=\"M0 0h217.92v17.62H0z\"><\/path><\/svg><\/span><span class=\"gb-headline-text\">Advanced Inspection Methods and Equipment<\/span><\/h2>\n<\/div>\n<\/section>\n\n<section class=\"gb-container gb-container-72aaaf6c\">\n<div class=\"gb-grid-wrapper gb-grid-wrapper-97dd5751\">\n<div class=\"gb-grid-column gb-grid-column-cfc59179\"><div class=\"gb-container gb-container-cfc59179\">\n<figure class=\"gb-block-image gb-block-image-d57f8913\"><img decoding=\"async\" width=\"600\" height=\"400\" class=\"gb-image gb-image-d57f8913\" src=\"http:\/\/qdj-prototype.com\/wp-content\/uploads\/2024\/10\/Quality-Control-Testing-Equipment-Microscope-of-QDJ-PROTOTYPE-jpg.webp\" alt=\"Quality Control Testing Equipment Microscope of QDJ-PROTOTYPE\" title=\"Quality Control Testing Equipment Microscope of QDJ-PROTOTYPE\" srcset=\"https:\/\/qdj-prototype.com\/wp-content\/uploads\/2024\/10\/Quality-Control-Testing-Equipment-Microscope-of-QDJ-PROTOTYPE-jpg.webp 600w, https:\/\/qdj-prototype.com\/wp-content\/uploads\/2024\/10\/Quality-Control-Testing-Equipment-Microscope-of-QDJ-PROTOTYPE-300x200.webp 300w\" sizes=\"(max-width: 600px) 100vw, 600px\" \/><\/figure>\n\n<h3 class=\"gb-headline gb-headline-9f7a434d gb-headline-text\"><strong>Visual Inspection<\/strong><\/h3>\n\n<p class=\"gb-headline gb-headline-e8b326cd gb-headline-text\">Professional visual inspections to ensure products are free from defects.<\/p>\n<\/div><\/div>\n\n<div class=\"gb-grid-column gb-grid-column-2477b8b2\"><div class=\"gb-container gb-container-2477b8b2\">\n<figure class=\"gb-block-image gb-block-image-2ae58399\"><img decoding=\"async\" width=\"600\" height=\"400\" class=\"gb-image gb-image-2ae58399\" src=\"http:\/\/qdj-prototype.com\/wp-content\/uploads\/2024\/10\/Quality-Control-Testing-Equipment-Center-CMM-of-QDJ-PROTOTYPE-jpg.webp\" alt=\"Quality Control Testing Equipment Center CMM of QDJ-PROTOTYPE\" title=\"Quality Control Testing Equipment Center CMM of QDJ-PROTOTYPE\" srcset=\"https:\/\/qdj-prototype.com\/wp-content\/uploads\/2024\/10\/Quality-Control-Testing-Equipment-Center-CMM-of-QDJ-PROTOTYPE-jpg.webp 600w, https:\/\/qdj-prototype.com\/wp-content\/uploads\/2024\/10\/Quality-Control-Testing-Equipment-Center-CMM-of-QDJ-PROTOTYPE-300x200.webp 300w\" sizes=\"(max-width: 600px) 100vw, 600px\" \/><\/figure>\n\n<h3 class=\"gb-headline gb-headline-77425ad5 gb-headline-text\"><strong>Dimensional Inspection<\/strong><\/h3>\n\n<p class=\"gb-headline gb-headline-b1fd8118 gb-headline-text\">Detailed dimensional measurements using <a href=\"http:\/\/qdj-prototype.com\/de\/cnc-machining-advancements\/\" target=\"_blank\" rel=\"noopener\" data-wpil-monitor-id=\"64\">advanced equipment such as CMM machines<\/a>.<\/p>\n<\/div><\/div>\n\n<div class=\"gb-grid-column gb-grid-column-af84ad92\"><div class=\"gb-container gb-container-af84ad92\">\n<figure class=\"gb-block-image gb-block-image-0f8ca44e\"><img decoding=\"async\" width=\"600\" height=\"400\" class=\"gb-image gb-image-0f8ca44e\" src=\"http:\/\/qdj-prototype.com\/wp-content\/uploads\/2024\/10\/Quality-Control-Testing-Equipment-Hardness-Tester-of-QDJ-PROTOTYPE-jpg.webp\" alt=\"Quality Control Testing Equipment Hardness Tester of QDJ-PROTOTYPE\" title=\"Quality Control Testing Equipment Hardness Tester of QDJ-PROTOTYPE\" srcset=\"https:\/\/qdj-prototype.com\/wp-content\/uploads\/2024\/10\/Quality-Control-Testing-Equipment-Hardness-Tester-of-QDJ-PROTOTYPE-jpg.webp 600w, https:\/\/qdj-prototype.com\/wp-content\/uploads\/2024\/10\/Quality-Control-Testing-Equipment-Hardness-Tester-of-QDJ-PROTOTYPE-300x200.webp 300w\" sizes=\"(max-width: 600px) 100vw, 600px\" \/><\/figure>\n\n<h3 class=\"gb-headline gb-headline-b09dbc67 gb-headline-text\">Performance Inspection<\/h3>\n\n<p class=\"gb-headline gb-headline-7636f691 gb-headline-text\">Strict testing of product functions and performance to ensure they meet customer requirements.<\/p>\n<\/div><\/div>\n<\/div>\n<\/section>\n<\/div>","protected":false},"excerpt":{"rendered":"<p>You Desgin it WE made it Quality Control At QDJ-PROTOTYPE, we ensure global delivery of high-quality prototypes through our ISO certified system and stringent quality &#8230; <a title=\"Qualit\u00e4tskontrolle\" class=\"read-more\" href=\"https:\/\/qdj-prototype.com\/de\/quality-control\/\" aria-label=\"Mehr Informationen \u00fcber Quality Control\">Mehr lesen<\/a><\/p>","protected":false},"author":1,"featured_media":15578,"parent":0,"menu_order":0,"comment_status":"closed","ping_status":"closed","template":"","meta":{"footnotes":""},"class_list":["post-14473","page","type-page","status-publish","has-post-thumbnail"],"_links":{"self":[{"href":"https:\/\/qdj-prototype.com\/de\/wp-json\/wp\/v2\/pages\/14473","targetHints":{"allow":["GET"]}}],"collection":[{"href":"https:\/\/qdj-prototype.com\/de\/wp-json\/wp\/v2\/pages"}],"about":[{"href":"https:\/\/qdj-prototype.com\/de\/wp-json\/wp\/v2\/types\/page"}],"author":[{"embeddable":true,"href":"https:\/\/qdj-prototype.com\/de\/wp-json\/wp\/v2\/users\/1"}],"replies":[{"embeddable":true,"href":"https:\/\/qdj-prototype.com\/de\/wp-json\/wp\/v2\/comments?post=14473"}],"version-history":[{"count":0,"href":"https:\/\/qdj-prototype.com\/de\/wp-json\/wp\/v2\/pages\/14473\/revisions"}],"wp:featuredmedia":[{"embeddable":true,"href":"https:\/\/qdj-prototype.com\/de\/wp-json\/wp\/v2\/media\/15578"}],"wp:attachment":[{"href":"https:\/\/qdj-prototype.com\/de\/wp-json\/wp\/v2\/media?parent=14473"}],"curies":[{"name":"wp","href":"https:\/\/api.w.org\/{rel}","templated":true}]}}