{"id":5894,"date":"2023-10-18T15:17:13","date_gmt":"2023-10-18T15:17:13","guid":{"rendered":"http:\/\/qdj-prototype.com\/?page_id=5894"},"modified":"2025-03-21T16:12:37","modified_gmt":"2025-03-21T16:12:37","slug":"solutions","status":"publish","type":"page","link":"https:\/\/qdj-prototype.com\/de\/losungen\/","title":{"rendered":"L\u00f6sungen"},"content":{"rendered":"<section class=\"gb-container gb-container-5548fb0d alignwide\">\n<div class=\"gb-container gb-container-51361c10\">\n<h2 class=\"gb-headline gb-headline-efa10e8e\"><span class=\"gb-icon\"><svg viewbox=\"0 0 218.28 17.62\" xmlns=\"http:\/\/www.w3.org\/2000\/svg\" data-name=\"Capa 1\"><path d=\"M0 0h217.92v17.62H0z\"><\/path><\/svg><\/span><span class=\"gb-headline-text\">Unser <mark style=\"background-color:rgba(0, 0, 0, 0)\" class=\"has-inline-color has-global-color-blue-color\">Schnelles Prototypenbau<\/mark><mark style=\"background-color:rgba(0, 0, 0, 0)\" class=\"has-inline-color has-accent-color\"> <\/mark><mark style=\"background-color:rgba(0, 0, 0, 0)\" class=\"has-inline-color has-global-color-blue-color\">L\u00f6sung<\/mark> f\u00fcr jede Branche<\/span><\/h2>\n\n<p class=\"gb-headline gb-headline-3b831d1d gb-headline-text\">Unsere Branchenl\u00f6sungen f\u00fcr ma\u00dfgeschneiderte Prototyping-Dienstleistungen sind so konzipiert, dass sie die einzigartigen Herausforderungen und Bed\u00fcrfnisse jeder Branche erf\u00fcllen. Ganz gleich, ob Sie in der Automobilbranche, im Gesundheitswesen, in der Unterhaltungselektronik oder im Bildungswesen t\u00e4tig sind - wir wissen, dass jede Branche spezifische Anforderungen hat. Unser Expertenteam setzt fortschrittliche Techniken wie 3D-Druck, CNC-Bearbeitung und Vakuumguss ein, um Prototypen zu erstellen, die genau Ihren Spezifikationen entsprechen. Wir arbeiten eng mit Ihnen zusammen, um sicherzustellen, dass Ihre Prototypen nicht nur qualitativ hochwertig sind, sondern Ihnen auch bei der L\u00f6sung von Problemen aus der Praxis helfen. Mit schnellen Durchlaufzeiten und kosteneffizienten L\u00f6sungen machen wir es Ihnen leicht, Ihre Ideen zum Leben zu erwecken, ganz gleich in welcher Branche!<\/p>\n<\/div>\n\n<div class=\"gb-container gb-container-09ad485a\">\n<div class=\"gb-container gb-container-4af3db7a\" style=\"background-image: url(https:\/\/qdj-prototype.com\/wp-content\/uploads\/2024\/08\/rapid-prototyping-For-Medical-Devices-768x512.png);\"><\/div>\n\n<div class=\"gb-container gb-container-3be89473\">\n<h2 class=\"gb-headline gb-headline-4b108e20\"><span class=\"gb-icon\"><svg viewbox=\"0 0 218.28 17.62\" xmlns=\"http:\/\/www.w3.org\/2000\/svg\" data-name=\"Capa 1\"><path d=\"M0 0h217.92v17.62H0z\"><\/path><\/svg><\/span><span class=\"gb-headline-text\">Medizinische Ger\u00e4te<\/span><\/h2>\n\n<p class=\"gb-headline gb-headline-06681e63 gb-headline-text\">Unser Medizinprodukt <a class=\"wpil_keyword_link\" href=\"http:\/\/qdj-prototype.com\/de\/\" target=\"_blank\" rel=\"noopener\" title=\"Schnelles Prototypenbau\" data-wpil-keyword-link=\"linked\" data-wpil-monitor-id=\"3\">Schnelles Prototypenbau<\/a> Solutions hilft Ihnen, Ihre medizinischen Innovationen schnell und pr\u00e4zise zum Leben zu erwecken. Ganz gleich, ob Sie neue medizinische Ger\u00e4te entwickeln oder bestehende verbessern wollen, unser Service gew\u00e4hrleistet pr\u00e4zise und zuverl\u00e4ssige Prototypen. Mit unseren fortschrittlichen Fertigungstechniken wie CNC-Bearbeitung, 3D-Druck und Vakuumguss liefern wir hochwertige Teile, die den strengen Anforderungen der Medizinbranche entsprechen. Unser Team arbeitet mit Ihnen zusammen, um detaillierte, funktionale Prototypen mit kurzen Durchlaufzeiten zu erstellen, damit Sie Ihre Produkte schneller testen, verbessern und auf den Markt bringen k\u00f6nnen. Wir konzentrieren uns sowohl auf Qualit\u00e4t als auch auf Schnelligkeit, damit Sie in der schnelllebigen Medizinbranche die Nase vorn haben.<\/p>\n\n<a class=\"gb-button gb-button-57e0ebdf\" href=\"http:\/\/qdj-prototype.com\/de\/ein-angebot-anfordern\/\" target=\"_blank\" rel=\"noopener noreferrer\"><span class=\"gb-button-text\">Mehr erfahren<\/span><span class=\"gb-icon\"><svg viewbox=\"0 0 247 165\" xmlns=\"http:\/\/www.w3.org\/2000\/svg\" data-name=\"Capa 1\"><path d=\"M33 0H0l66 82-66 83h33l66-83L33 0z\"><\/path><path d=\"M83 0H50l66 82-66 83h33l66-83L83 0z\"><\/path><path d=\"M181 0H99l66 82-66 83h82l66-83-66-82z\"><\/path><\/svg><\/span><\/a>\n<\/div>\n<\/div>\n\n<div class=\"gb-container gb-container-ab913b1f\">\n<div class=\"gb-container gb-container-ceece0e9\" style=\"background-image: url(https:\/\/qdj-prototype.com\/wp-content\/uploads\/2024\/08\/rapid-prototyping-for-Automotive-Industry-768x512.png);\"><\/div>\n\n<div class=\"gb-container gb-container-03f32f10\">\n<h2 class=\"gb-headline gb-headline-e4fb109a\"><span class=\"gb-icon\"><svg viewbox=\"0 0 218.28 17.62\" xmlns=\"http:\/\/www.w3.org\/2000\/svg\" data-name=\"Capa 1\"><path d=\"M0 0h217.92v17.62H0z\"><\/path><\/svg><\/span><span class=\"gb-headline-text\">Autoindustrie<\/span><\/h2>\n\n<p class=\"gb-headline gb-headline-fec9f6e3 gb-headline-text\">Unsere Rapid-Prototyping-L\u00f6sungen f\u00fcr die Automobilindustrie sind ideal f\u00fcr die Entwicklung hochwertiger, pr\u00e4ziser Teile f\u00fcr die Automobilindustrie. Ganz gleich, ob Sie an Motorkomponenten, Innenteilen oder Sonderanfertigungen arbeiten - wir bieten Ihnen eine schnelle und effiziente M\u00f6glichkeit, Prototypen zu erstellen, die den anspruchsvollen Standards der Automobilbranche entsprechen. Mithilfe fortschrittlicher Techniken wie CNC-Bearbeitung, 3D-Druck und Vakuumguss k\u00f6nnen wir langlebige, pr\u00e4zise Prototypen herstellen, die Ihren Produktentwicklungsprozess beschleunigen. Mit kurzen Durchlaufzeiten, kosteneffizienten L\u00f6sungen und einem Schwerpunkt auf Qualit\u00e4t stellt unser Service sicher, dass Sie Ihre Entw\u00fcrfe testen und verfeinern k\u00f6nnen, bevor sie in die Produktion gehen. Lassen Sie uns Ihnen helfen, die Innovation in der Automobilbranche zu beschleunigen!<\/p>\n\n<a class=\"gb-button gb-button-ff132283\" href=\"http:\/\/qdj-prototype.com\/de\/ein-angebot-anfordern\/\" target=\"_blank\" rel=\"noopener noreferrer\"><span class=\"gb-button-text\">Mehr erfahren<\/span><span class=\"gb-icon\"><svg viewbox=\"0 0 247 165\" xmlns=\"http:\/\/www.w3.org\/2000\/svg\" data-name=\"Capa 1\"><path d=\"M33 0H0l66 82-66 83h33l66-83L33 0z\"><\/path><path d=\"M83 0H50l66 82-66 83h33l66-83L83 0z\"><\/path><path d=\"M181 0H99l66 82-66 83h82l66-83-66-82z\"><\/path><\/svg><\/span><\/a>\n<\/div>\n<\/div>\n\n<div class=\"gb-container gb-container-0e2ea192\">\n<div class=\"gb-container gb-container-0c5c572a\" style=\"background-image: url(https:\/\/qdj-prototype.com\/wp-content\/uploads\/2024\/08\/rapid-prototyping-for-Consumer-Electronics-768x512.png);\"><\/div>\n\n<div class=\"gb-container gb-container-a41604f5\">\n<h2 class=\"gb-headline gb-headline-ec8365b7\"><span class=\"gb-icon\"><svg viewbox=\"0 0 218.28 17.62\" xmlns=\"http:\/\/www.w3.org\/2000\/svg\" data-name=\"Capa 1\"><path d=\"M0 0h217.92v17.62H0z\"><\/path><\/svg><\/span><span class=\"gb-headline-text\">Unterhaltungselektronik<\/span><\/h2>\n\n<p class=\"gb-headline gb-headline-1997a482 gb-headline-text\">Unsere Rapid-Prototyping-L\u00f6sungen f\u00fcr die Unterhaltungselektronik helfen Ihnen, Ihre innovativen elektronischen Produkte schneller zum Leben zu erwecken. Ganz gleich, ob Sie Smartphones, tragbare Ger\u00e4te oder Smart-Home-Gadgets entwickeln, wir sorgen f\u00fcr pr\u00e4zise und hochwertige Prototypen. Mit fortschrittlichen Technologien wie CNC-Bearbeitung, 3D-Druck und Spritzguss liefern wir Teile mit glatter Oberfl\u00e4che, pr\u00e4zisen Details und funktionaler Leistung. Mit schnellen Durchlaufzeiten helfen wir Ihnen, Ihre Entw\u00fcrfe zu testen, zu verfeinern und zu perfektionieren, bevor sie in die Massenproduktion gehen. Unser Ziel ist es, zuverl\u00e4ssige und kosteneffiziente L\u00f6sungen anzubieten, die den schnellen Anforderungen der Unterhaltungselektronikbranche gerecht werden.<\/p>\n\n<a class=\"gb-button gb-button-db3eefcb\" href=\"http:\/\/qdj-prototype.com\/de\/ein-angebot-anfordern\/\" target=\"_blank\" rel=\"noopener noreferrer\"><span class=\"gb-button-text\">Mehr erfahren<\/span><span class=\"gb-icon\"><svg viewbox=\"0 0 247 165\" xmlns=\"http:\/\/www.w3.org\/2000\/svg\" data-name=\"Capa 1\"><path d=\"M33 0H0l66 82-66 83h33l66-83L33 0z\"><\/path><path d=\"M83 0H50l66 82-66 83h33l66-83L83 0z\"><\/path><path d=\"M181 0H99l66 82-66 83h82l66-83-66-82z\"><\/path><\/svg><\/span><\/a>\n<\/div>\n<\/div>\n\n<div class=\"gb-container gb-container-f2f490ff\">\n<div class=\"gb-container gb-container-28b78903\" style=\"background-image: url(https:\/\/qdj-prototype.com\/wp-content\/uploads\/2024\/08\/rapid-prototyping-for-Education-Training-768x512.png);\"><\/div>\n\n<div class=\"gb-container gb-container-1d53c110\">\n<h2 class=\"gb-headline gb-headline-55e386ee\"><span class=\"gb-icon\"><svg viewbox=\"0 0 218.28 17.62\" xmlns=\"http:\/\/www.w3.org\/2000\/svg\" data-name=\"Capa 1\"><path d=\"M0 0h217.92v17.62H0z\"><\/path><\/svg><\/span><span class=\"gb-headline-text\">Bildung &amp; Ausbildung<\/span><\/h2>\n\n<p class=\"gb-headline gb-headline-d55b5722 gb-headline-text\">Unsere Rapid-Prototyping-L\u00f6sungen f\u00fcr den Bildungs- und Ausbildungsbereich unterst\u00fctzen Schulen, Ausbildungszentren und Bildungsprogramme bei der Erstellung praktischer Lern- und Lehrmittel. Ganz gleich, ob es sich um Modelle f\u00fcr Wissenschaft, Technik oder Berufsausbildung handelt, wir liefern hochwertige Prototypen, die sowohl pr\u00e4zise als auch langlebig sind. Durch den Einsatz von Technologien wie 3D-Druck, CNC-Bearbeitung und Vakuumguss k\u00f6nnen wir Lehrmittel schnell und kosteng\u00fcnstig herstellen. Auf diese Weise k\u00f6nnen P\u00e4dagogen komplexe Konzepte anhand von Beispielen aus der realen Welt zum Leben erwecken und das Lernen interaktiver und ansprechender gestalten. Unser schneller und flexibler Service stellt sicher, dass Sie die perfekten Prototypen f\u00fcr Ihren Bildungs- und Ausbildungsbedarf erhalten.<\/p>\n\n<a class=\"gb-button gb-button-66991f1b\" href=\"http:\/\/qdj-prototype.com\/de\/ein-angebot-anfordern\/\" target=\"_blank\" rel=\"noopener noreferrer\"><span class=\"gb-button-text\">Mehr erfahren<\/span><span class=\"gb-icon\"><svg viewbox=\"0 0 247 165\" xmlns=\"http:\/\/www.w3.org\/2000\/svg\" data-name=\"Capa 1\"><path d=\"M33 0H0l66 82-66 83h33l66-83L33 0z\"><\/path><path d=\"M83 0H50l66 82-66 83h33l66-83L83 0z\"><\/path><path d=\"M181 0H99l66 82-66 83h82l66-83-66-82z\"><\/path><\/svg><\/span><\/a>\n<\/div>\n<\/div>\n<\/section>","protected":false},"excerpt":{"rendered":"<p>Our Rapid Prototyping solution for every Industry Our Industry Solutions for tailored prototyping services is designed to meet the unique challenges and needs of every &#8230; <a title=\"L\u00f6sungen\" class=\"read-more\" href=\"https:\/\/qdj-prototype.com\/de\/losungen\/\" aria-label=\"Mehr Informationen \u00fcber Solutions\">Mehr lesen<\/a><\/p>","protected":false},"author":1,"featured_media":12121,"parent":0,"menu_order":0,"comment_status":"closed","ping_status":"closed","template":"","meta":{"footnotes":""},"class_list":["post-5894","page","type-page","status-publish","has-post-thumbnail"],"_links":{"self":[{"href":"https:\/\/qdj-prototype.com\/de\/wp-json\/wp\/v2\/pages\/5894","targetHints":{"allow":["GET"]}}],"collection":[{"href":"https:\/\/qdj-prototype.com\/de\/wp-json\/wp\/v2\/pages"}],"about":[{"href":"https:\/\/qdj-prototype.com\/de\/wp-json\/wp\/v2\/types\/page"}],"author":[{"embeddable":true,"href":"https:\/\/qdj-prototype.com\/de\/wp-json\/wp\/v2\/users\/1"}],"replies":[{"embeddable":true,"href":"https:\/\/qdj-prototype.com\/de\/wp-json\/wp\/v2\/comments?post=5894"}],"version-history":[{"count":0,"href":"https:\/\/qdj-prototype.com\/de\/wp-json\/wp\/v2\/pages\/5894\/revisions"}],"wp:featuredmedia":[{"embeddable":true,"href":"https:\/\/qdj-prototype.com\/de\/wp-json\/wp\/v2\/media\/12121"}],"wp:attachment":[{"href":"https:\/\/qdj-prototype.com\/de\/wp-json\/wp\/v2\/media?parent=5894"}],"curies":[{"name":"wp","href":"https:\/\/api.w.org\/{rel}","templated":true}]}}