{"id":14432,"date":"2024-08-19T07:02:06","date_gmt":"2024-08-19T07:02:06","guid":{"rendered":"http:\/\/qdj-prototype.com\/?page_id=14432"},"modified":"2025-03-21T11:50:41","modified_gmt":"2025-03-21T11:50:41","slug":"customer-feedback-for-qdj-prototype","status":"publish","type":"page","link":"https:\/\/qdj-prototype.com\/es\/customer-feedback-for-qdj-prototype\/","title":{"rendered":"Customer Feedback  for QDJ-PROTOTYPE"},"content":{"rendered":"<div class=\"gb-container gb-container-730c2d01 alignwide\">\n<div class=\"gb-container gb-container-4a1fca8e\">\n<h2 class=\"gb-headline gb-headline-14028c9b\"><span class=\"gb-icon\"><svg data-name=\"Capa 1\" xmlns=\"http:\/\/www.w3.org\/2000\/svg\" viewbox=\"0 0 218.28 17.62\"><path d=\"M0 0h217.92v17.62H0z\"><\/path><\/svg><\/span><span class=\"gb-headline-text\">We Have a <strong><mark style=\"background-color:rgba(0, 0, 0, 0)\" class=\"has-inline-color has-global-color-blue-color\">Small Surprise<\/mark><\/strong> Prepared for Your Feedback!<\/span><\/h2>\n\n<p>Thank you for your support! By completing this form, you can receive the following&nbsp;<a href=\"http:\/\/qdj-prototype.com\/es\/rapid-prototyping-benefits\/\">beneficios<\/a>:<\/p>\n\n<ul class=\"wp-block-list\"><li>Option 1: Provide feedback or suggestions and receive a $50 cash reward.<\/li>\n\n<li>Option 2: Agree to share Cooperation orders case online (non-sensitive information) to help more customers understand us, and receive 10% off a custom part order, up to $1000.<\/li><\/ul>\n\n<p>If you have any questions&nbsp;<a href=\"http:\/\/qdj-prototype.com\/es\/acerca-de\/\">acerca de<\/a>&nbsp;the rewards, please contact&nbsp;<a href=\"mailto:info@qdj-prototype.com\">info@qdj-prototype.com<\/a>.<\/p>\n\n<div class=\"gb-container gb-container-669f3e3c\">\n<div class=\"wp-block-contact-form-7-contact-form-selector\">\n<div class=\"wpcf7 no-js\" id=\"wpcf7-f14135-o1\" lang=\"en-US\" dir=\"ltr\" data-wpcf7-id=\"14135\">\n<div class=\"screen-reader-response\"><p role=\"status\" aria-live=\"polite\" aria-atomic=\"true\"><\/p> <ul><\/ul><\/div>\n<form action=\"\/es\/wp-json\/wp\/v2\/pages\/14432#wpcf7-f14135-o1\" method=\"post\" class=\"wpcf7-form init\" aria-label=\"Contact form\" enctype=\"multipart\/form-data\" novalidate=\"novalidate\" data-status=\"init\" data-trp-original-action=\"\/es\/wp-json\/wp\/v2\/pages\/14432#wpcf7-f14135-o1\">\n<fieldset class=\"hidden-fields-container\"><input type=\"hidden\" name=\"_wpcf7\" value=\"14135\" \/><input type=\"hidden\" name=\"_wpcf7_version\" value=\"6.1.1\" \/><input type=\"hidden\" name=\"_wpcf7_locale\" value=\"en_US\" \/><input type=\"hidden\" name=\"_wpcf7_unit_tag\" value=\"wpcf7-f14135-o1\" \/><input type=\"hidden\" name=\"_wpcf7_container_post\" value=\"0\" \/><input type=\"hidden\" name=\"_wpcf7_posted_data_hash\" value=\"\" \/><input type=\"hidden\" name=\"_wpcf7_recaptcha_response\" value=\"\" \/>\n<\/fieldset>\n<div class=\"form-container\" style=\"display: flex; flex-wrap: wrap; gap: 5px;\">\n\t<div style=\"width: 100%; margin-bottom: 5px;\">\n\t\t<p>Please confirm you are our customer:<span style=\"color: #DC143C;\">*<\/span>\n\t\t<\/p>\n\t\t<p><span class=\"wpcf7-form-control-wrap\" data-name=\"are-you-customer\"><span class=\"wpcf7-form-control wpcf7-checkbox wpcf7-validates-as-required\"><span class=\"wpcf7-list-item first\"><label><input type=\"checkbox\" name=\"are-you-customer[]\" value=\"Yes\" \/><span class=\"wpcf7-list-item-label\">Yes<\/span><\/label><\/span><span class=\"wpcf7-list-item last\"><label><input type=\"checkbox\" name=\"are-you-customer[]\" value=\"No\" \/><span class=\"wpcf7-list-item-label\">No<\/span><\/label><\/span><\/span><\/span>\n\t\t<\/p>\n\t<\/div>\n\t<div style=\"width: 100%; margin-bottom: 5px;\">\n\t\t<p>Agree that we can use this info. so that more people can learn about QDJ-Prototype<span style=\"color: #DC143C;\">*<\/span>\n\t\t<\/p>\n\t\t<p><span class=\"wpcf7-form-control-wrap\" data-name=\"you-agree-use\"><span class=\"wpcf7-form-control wpcf7-checkbox wpcf7-validates-as-required\"><span class=\"wpcf7-list-item first\"><label><input type=\"checkbox\" name=\"you-agree-use[]\" value=\"Yes\" \/><span class=\"wpcf7-list-item-label\">Yes<\/span><\/label><\/span><span class=\"wpcf7-list-item last\"><label><input type=\"checkbox\" name=\"you-agree-use[]\" value=\"No\" \/><span class=\"wpcf7-list-item-label\">No<\/span><\/label><\/span><\/span><\/span>\n\t\t<\/p>\n\t<\/div>\n\t<div style=\"flex: 1; min-width: 200px; margin-bottom: 5px;\">\n\t\t<p><label for=\"your-name\">Name:<span style=\"color: red;\">*<\/span><\/label><br \/>\n<span class=\"wpcf7-form-control-wrap\" data-name=\"your-name\"><input size=\"40\" maxlength=\"400\" class=\"wpcf7-form-control wpcf7-text wpcf7-validates-as-required\" aria-required=\"true\" aria-invalid=\"false\" placeholder=\"Su nombre\" value=\"\" type=\"text\" name=\"your-name\" \/><\/span>\n\t\t<\/p>\n\t<\/div>\n\t<div style=\"flex: 1; min-width: 200px; margin-bottom: 5px;\">\n\t\t<p><label for=\"your-email\">Email:<span style=\"color: #DC143C;\">*<\/span><\/label><br \/>\n<span class=\"wpcf7-form-control-wrap\" data-name=\"your-email\"><input size=\"40\" maxlength=\"400\" class=\"wpcf7-form-control wpcf7-email wpcf7-validates-as-required wpcf7-text wpcf7-validates-as-email\" aria-required=\"true\" aria-invalid=\"false\" placeholder=\"Su correo electr\u00f3nico\" value=\"\" type=\"email\" name=\"your-email\" \/><\/span>\n\t\t<\/p>\n\t<\/div>\n\t<div style=\"width: 100%; margin-bottom: 5px;\">\n\t\t<p><label for=\"your-company\">Company:<span style=\"color: #DC143C;\">*<\/span><\/label><br \/>\n<span class=\"wpcf7-form-control-wrap\" data-name=\"your-company\"><input size=\"40\" maxlength=\"400\" class=\"wpcf7-form-control wpcf7-text wpcf7-validates-as-required\" aria-required=\"true\" aria-invalid=\"false\" placeholder=\"Your Company\" value=\"\" type=\"text\" name=\"your-company\" \/><\/span>\n\t\t<\/p>\n\t<\/div>\n\t<div style=\"width: 100%; margin-bottom: 5px;\">\n\t\t<p><label for=\"Sales-Email\">Which salesperson did you contact?<\/label>\n\t\t<\/p>\n\t\t<p>Sales Email: <span class=\"wpcf7-form-control-wrap\" data-name=\"Sales-Email\"><input size=\"40\" maxlength=\"400\" class=\"wpcf7-form-control wpcf7-email wpcf7-text wpcf7-validates-as-email\" aria-invalid=\"false\" value=\"\" type=\"email\" name=\"Sales-Email\" \/><\/span> Sales Name: <span class=\"wpcf7-form-control-wrap\" data-name=\"SalesName\"><input size=\"40\" maxlength=\"400\" class=\"wpcf7-form-control wpcf7-text\" aria-invalid=\"false\" value=\"\" type=\"text\" name=\"SalesName\" \/><\/span>\n\t\t<\/p>\n\t<\/div>\n\t<div style=\"width: 100%; margin-bottom: 5px;\">\n\t\t<p><label for=\"your-feedback\">Your review\/suggestions:<span style=\"color: #DC143C;\">*<\/span><\/label><br \/>\n<span class=\"wpcf7-form-control-wrap\" data-name=\"your-feedback\"><textarea cols=\"40\" rows=\"10\" maxlength=\"2000\" class=\"wpcf7-form-control wpcf7-textarea wpcf7-validates-as-required\" aria-required=\"true\" aria-invalid=\"false\" placeholder=\"Please provide your feedback or suggestions.\" name=\"your-feedback\"><\/textarea><\/span>\n\t\t<\/p>\n\t<\/div>\n\t<div style=\"width: 100%; margin-bottom: 5px;\">\n\t\t<p><label for=\"your-avatar\">Upload your personal avatar:<span style=\"color: #DC143C;\">*<\/span><\/label><br \/>\n<span class=\"wpcf7-form-control-wrap\" data-name=\"your-avatar\"><input size=\"40\" class=\"wpcf7-form-control wpcf7-file wpcf7-validates-as-required\" accept=\".jpg,.jpeg,.png\" aria-required=\"true\" aria-invalid=\"false\" type=\"file\" name=\"your-avatar\" \/><\/span>\n\t\t<\/p>\n\t\t<p>The ratio of the avatar image is 1:1, 300X300 pixels or more is recommended.\n\t\t<\/p>\n\t<\/div>\n\t<div style=\"width: 100%; margin-bottom: 5px;\">\n\t\t<p><label for=\"your-reward\">Select your reward:<span style=\"color: #DC143C;\">*<\/span><\/label><br \/>\n<span class=\"wpcf7-form-control-wrap\" data-name=\"your-reward\"><span class=\"wpcf7-form-control wpcf7-radio\"><span class=\"wpcf7-list-item first\"><span class=\"wpcf7-list-item-label\">Option 1: Feedback only, receive a $50 cash reward<\/span><input type=\"radio\" name=\"your-reward\" value=\"Option 1: Feedback only, receive a $50 cash reward\" \/><\/span><span class=\"wpcf7-list-item\"><span class=\"wpcf7-list-item-label\">Option 2: Agree to share Cooperation orders case online (non-sensitive information) to help more customers understand us, receive 10% off a custom part order, up to $1000<\/span><input type=\"radio\" name=\"your-reward\" value=\"Option 2: Agree to share Cooperation orders case online (non-sensitive information) to help more customers understand us, receive 10% off a custom part order, up to $1000\" \/><\/span><span class=\"wpcf7-list-item last\"><span class=\"wpcf7-list-item-label\">Option 3: Just out of love, no reward needed<\/span><input type=\"radio\" name=\"your-reward\" value=\"Option 3: Just out of love, no reward needed\" checked=\"checked\" \/><\/span><\/span><\/span>\n\t\t<\/p>\n\t<\/div>\n\t<div style=\"margin-top: 5px;\">\n\t\t<p><input class=\"wpcf7-form-control wpcf7-submit has-spinner\" type=\"submit\" value=\"Enviar\" \/>\n\t\t<\/p>\n\t<\/div>\n<\/div><div class=\"wpcf7-response-output\" aria-hidden=\"true\"><\/div>\n<input type=\"hidden\" name=\"trp-form-language\" value=\"es\"\/><\/form>\n<\/div>\n<\/div>\n<\/div>\n<\/div>\n\n<div class=\"gb-container gb-container-376fafa3\">\n<div class=\"gb-container gb-container-ea403348\">\n<h2 class=\"gb-headline gb-headline-5accf28e\"><span class=\"gb-icon\"><svg viewbox=\"0 0 218.28 17.62\" xmlns=\"http:\/\/www.w3.org\/2000\/svg\" data-name=\"Capa 1\"><path d=\"M0 0h217.92v17.62H0z\"><\/path><\/svg><\/span><span class=\"gb-headline-text\">Lo que nuestra <mark style=\"background-color:rgba(0, 0, 0, 0)\" class=\"has-inline-color has-global-color-blue-color\">Los clientes opinan<\/mark><\/span><\/h2>\n\n<p class=\"gb-headline gb-headline-db608f7c gb-headline-text\">La confianza del cliente es la clave de nuestro \u00e9xito<\/p>\n<\/div>\n\n<div class=\"gb-container gb-container-98e7a3c9\">\n<div class=\"gb-grid-wrapper gb-grid-wrapper-1600fc4f\">\n<div class=\"gb-grid-column gb-grid-column-2116918a\"><div class=\"gb-container gb-container-2116918a\">\n<blockquote class=\"wp-block-quote is-layout-flow wp-block-quote-is-layout-flow\"><p><mark style=\"background-color:rgba(0, 0, 0, 0)\" class=\"has-inline-color has-accent-color\">\u2605\u2605\u2605\u2605\u2605<\/mark><\/p>\n\n<p>Poder obtener prototipos tan r\u00e1pidamente ha acelerado mucho nuestro proceso de desarrollo.<\/p><cite><strong>Aaron<\/strong><\/cite><\/blockquote>\n<\/div><\/div>\n\n<div class=\"gb-grid-column gb-grid-column-b8ac2afc\"><div class=\"gb-container gb-container-b8ac2afc\">\n<blockquote class=\"wp-block-quote is-layout-flow wp-block-quote-is-layout-flow\"><p><mark style=\"background-color:rgba(0, 0, 0, 0)\" class=\"has-inline-color has-accent-color\">\u2605\u2605\u2605\u2605\u2605<\/mark><\/p>\n\n<p>La calidad de las piezas que hemos recibido siempre ha sido de primera. Realmente prestan atenci\u00f3n a los detalles.<\/p><cite><strong>Brandon<\/strong><\/cite><\/blockquote>\n<\/div><\/div>\n\n<div class=\"gb-grid-column gb-grid-column-dcb4333e\"><div class=\"gb-container gb-container-dcb4333e\">\n<blockquote class=\"wp-block-quote is-layout-flow wp-block-quote-is-layout-flow\"><p><mark style=\"background-color:rgba(0, 0, 0, 0)\" class=\"has-inline-color has-accent-color\">\u2605\u2605\u2605\u2605\u2605<\/mark><\/p>\n\n<p>Su servicio de fabricaci\u00f3n bajo demanda nos facilita la ampliaci\u00f3n de la producci\u00f3n en funci\u00f3n de las necesidades. Es incre\u00edblemente c\u00f3modo.<\/p><cite><strong>William<\/strong><\/cite><\/blockquote>\n<\/div><\/div>\n\n<div class=\"gb-grid-column gb-grid-column-655ec291\"><div class=\"gb-container gb-container-655ec291\">\n<blockquote class=\"wp-block-quote is-layout-flow wp-block-quote-is-layout-flow\"><p><mark style=\"background-color:rgba(0, 0, 0, 0)\" class=\"has-inline-color has-accent-color\">\u2605\u2605\u2605\u2605\u2605<\/mark><\/p>\n\n<p>Muchos consejos profesionales para acelerar el progreso de mi proyecto, \u00a1genial!<\/p><cite><strong>Smith<\/strong><\/cite><\/blockquote>\n<\/div><\/div>\n<\/div>\n\n<div class=\"gb-container gb-container-f55389d1\">\n<div class=\"gb-container gb-container-1d574caf\">\n<h2 class=\"gb-headline gb-headline-a51ec1ce gb-headline-text\">Latest Comments<\/h2>\n\n<div data-block-name=\"woocommerce\/all-reviews\" data-show-product-name=\"false\" class=\"wp-block-woocommerce-all-reviews wc-block-all-reviews has-image has-name has-date has-rating has-content\" data-image-type=\"reviewer\" data-orderby=\"lowest-rating\" data-reviews-on-page-load=\"10\" data-reviews-on-load-more=\"10\" data-show-load-more=\"true\" data-show-orderby=\"true\"><\/div>\n\n<div class=\"gb-container gb-container-729e0cdb\">\n<h2 class=\"gb-headline gb-headline-b5f6c471 gb-headline-text\">Post Comments<\/h2>\n\n<ol class=\"has-avatars has-dates has-excerpts wp-block-latest-comments\"><li class=\"wp-block-latest-comments__comment\"><img decoding=\"async\" alt=\"\" src=\"https:\/\/qdj-prototype.com\/wp-content\/litespeed\/avatar\/98af1fe9239f7e52b54e20c3e0b1397c.jpg?ver=1775223658\" srcset=\"https:\/\/qdj-prototype.com\/wp-content\/litespeed\/avatar\/b6409fbc1f070375349e1009db7055e1.jpg?ver=1775223658 2x\" class=\"avatar avatar-48 photo wp-block-latest-comments__comment-avatar\" height=\"48\" width=\"48\" title=\"\"><article><footer class=\"wp-block-latest-comments__comment-meta\"><span class=\"wp-block-latest-comments__comment-author\">Jack Smith<\/span> en <a class=\"wp-block-latest-comments__comment-link\" href=\"https:\/\/qdj-prototype.com\/es\/cnc-custom-parts\/#comment-30\">What factors should businesses consider when seeking CNC custom parts, and how do these components contribute to achieving specific design requirements and performance standards in various industries?<\/a><time datetime=\"2024-09-16T07:31:02+00:00\" class=\"wp-block-latest-comments__comment-date\">septiembre 16, 2024<\/time><\/footer><div class=\"wp-block-latest-comments__comment-excerpt\"><p>The article is very practical.<\/p>\n<\/div><\/article><\/li><li class=\"wp-block-latest-comments__comment\"><img decoding=\"async\" alt=\"\" src=\"https:\/\/qdj-prototype.com\/wp-content\/litespeed\/avatar\/ce2017eb52d5fd37d368bf459aedde7a.jpg?ver=1775223657\" srcset=\"https:\/\/qdj-prototype.com\/wp-content\/litespeed\/avatar\/a0b3923c35089761c4a723be240d67fd.jpg?ver=1775223658 2x\" class=\"avatar avatar-48 photo wp-block-latest-comments__comment-avatar\" height=\"48\" width=\"48\" title=\"\"><article><footer class=\"wp-block-latest-comments__comment-meta\"><span class=\"wp-block-latest-comments__comment-author\">Duane Flyte<\/span> en <a class=\"wp-block-latest-comments__comment-link\" href=\"https:\/\/qdj-prototype.com\/es\/cnc-custom-parts\/#comment-26\">What factors should businesses consider when seeking CNC custom parts, and how do these components contribute to achieving specific design requirements and performance standards in various industries?<\/a><time datetime=\"2024-03-13T09:53:54+00:00\" class=\"wp-block-latest-comments__comment-date\">13 de marzo de 2024<\/time><\/footer><div class=\"wp-block-latest-comments__comment-excerpt\"><p>I am sure this post has touched all the internet visitors, its really really nice piece of writing on building&hellip;<\/p>\n<\/div><\/article><\/li><li class=\"wp-block-latest-comments__comment\"><img decoding=\"async\" alt=\"\" src=\"https:\/\/qdj-prototype.com\/wp-content\/litespeed\/avatar\/e7521f78d5af9b177040b835354f50b4.jpg?ver=1775223657\" srcset=\"https:\/\/qdj-prototype.com\/wp-content\/litespeed\/avatar\/ca45df90773b84ff6ccadba8f4886aca.jpg?ver=1775223657 2x\" class=\"avatar avatar-48 photo wp-block-latest-comments__comment-avatar\" height=\"48\" width=\"48\" title=\"\"><article><footer class=\"wp-block-latest-comments__comment-meta\"><span class=\"wp-block-latest-comments__comment-author\">Danny<\/span> en <a class=\"wp-block-latest-comments__comment-link\" href=\"https:\/\/qdj-prototype.com\/es\/product\/fabrica-de-produccion-de-prototipos\/#comment-25\">Procesamiento de piezas mec\u00e1nicas no est\u00e1ndar Fabricaci\u00f3n de rodamientos principales de m\u00e1quinas-herramienta Centro de mecanizado de 4 ejes y 5 ejes F\u00e1brica profesional de producci\u00f3n de prototipos<\/a><time datetime=\"2024-02-28T08:40:18+00:00\" class=\"wp-block-latest-comments__comment-date\">28 de febrero de 2024<\/time><\/footer><div class=\"wp-block-latest-comments__comment-excerpt\"><p>If some one wants expert view regarding blogging and site-building afterward i suggest him\/her to go to see this webpage,&hellip;<\/p>\n<\/div><\/article><\/li><li class=\"wp-block-latest-comments__comment\"><img decoding=\"async\" alt=\"\" src=\"https:\/\/qdj-prototype.com\/wp-content\/litespeed\/avatar\/f05a297a1b1e999ccde8024eea21e139.jpg?ver=1775223657\" srcset=\"https:\/\/qdj-prototype.com\/wp-content\/litespeed\/avatar\/badbe2531f1a74ccb67ba97bb2228940.jpg?ver=1775223657 2x\" class=\"avatar avatar-48 photo wp-block-latest-comments__comment-avatar\" height=\"48\" width=\"48\" title=\"\"><article><footer class=\"wp-block-latest-comments__comment-meta\"><span class=\"wp-block-latest-comments__comment-author\">Darrel<\/span> en <a class=\"wp-block-latest-comments__comment-link\" href=\"https:\/\/qdj-prototype.com\/es\/product\/fabrica-de-produccion-de-prototipos\/#comment-24\">Procesamiento de piezas mec\u00e1nicas no est\u00e1ndar Fabricaci\u00f3n de rodamientos principales de m\u00e1quinas-herramienta Centro de mecanizado de 4 ejes y 5 ejes F\u00e1brica profesional de producci\u00f3n de prototipos<\/a><time datetime=\"2024-02-23T22:55:05+00:00\" class=\"wp-block-latest-comments__comment-date\">23 de febrero de 2024<\/time><\/footer><div class=\"wp-block-latest-comments__comment-excerpt\"><p>Howdy! Do you use Twitter? I&#8217;d like to follow you if that would be ok. I&#8217;m undoubtedly enjoying your blog&hellip;<\/p>\n<\/div><\/article><\/li><li class=\"wp-block-latest-comments__comment\"><img decoding=\"async\" alt=\"\" src=\"https:\/\/qdj-prototype.com\/wp-content\/litespeed\/avatar\/af3d4bf6fe3d10b42f417e86d3e8dc36.jpg?ver=1775223592\" srcset=\"https:\/\/qdj-prototype.com\/wp-content\/litespeed\/avatar\/191b69fdf40856cb1e8bd3d6a9dd27e6.jpg?ver=1775223592 2x\" class=\"avatar avatar-48 photo wp-block-latest-comments__comment-avatar\" height=\"48\" width=\"48\" title=\"\"><article><footer class=\"wp-block-latest-comments__comment-meta\"><span class=\"wp-block-latest-comments__comment-author\">Rubalcave<\/span> en <a class=\"wp-block-latest-comments__comment-link\" href=\"https:\/\/qdj-prototype.com\/es\/prototipado-rapido-de-pcb\/#comment-23\">R\u00e1pido, flexible e impecable: El futuro de la electr\u00f3nica con el prototipado r\u00e1pido de placas de circuito impreso<\/a><time datetime=\"2024-02-23T16:30:27+00:00\" class=\"wp-block-latest-comments__comment-date\">23 de febrero de 2024<\/time><\/footer><div class=\"wp-block-latest-comments__comment-excerpt\"><p>The article was very enlightening for me.<\/p>\n<\/div><\/article><\/li><\/ol>\n<\/div>\n<\/div>\n<\/div>\n<\/div>\n<\/div>\n<\/div>","protected":false},"excerpt":{"rendered":"<p>We Have a Small Surprise Prepared for Your Feedback! Thank you for your support! By completing this form, you can receive the following&nbsp;benefits: If you &#8230; <a title=\"Customer Feedback  for QDJ-PROTOTYPE\" class=\"read-more\" href=\"https:\/\/qdj-prototype.com\/es\/customer-feedback-for-qdj-prototype\/\" aria-label=\"Leer m\u00e1s sobre Customer Feedback  for QDJ-PROTOTYPE\">Leer m\u00e1s<\/a><\/p>","protected":false},"author":1,"featured_media":12033,"parent":0,"menu_order":0,"comment_status":"open","ping_status":"closed","template":"","meta":{"footnotes":""},"class_list":["post-14432","page","type-page","status-publish","has-post-thumbnail"],"_links":{"self":[{"href":"https:\/\/qdj-prototype.com\/es\/wp-json\/wp\/v2\/pages\/14432","targetHints":{"allow":["GET"]}}],"collection":[{"href":"https:\/\/qdj-prototype.com\/es\/wp-json\/wp\/v2\/pages"}],"about":[{"href":"https:\/\/qdj-prototype.com\/es\/wp-json\/wp\/v2\/types\/page"}],"author":[{"embeddable":true,"href":"https:\/\/qdj-prototype.com\/es\/wp-json\/wp\/v2\/users\/1"}],"replies":[{"embeddable":true,"href":"https:\/\/qdj-prototype.com\/es\/wp-json\/wp\/v2\/comments?post=14432"}],"version-history":[{"count":0,"href":"https:\/\/qdj-prototype.com\/es\/wp-json\/wp\/v2\/pages\/14432\/revisions"}],"wp:featuredmedia":[{"embeddable":true,"href":"https:\/\/qdj-prototype.com\/es\/wp-json\/wp\/v2\/media\/12033"}],"wp:attachment":[{"href":"https:\/\/qdj-prototype.com\/es\/wp-json\/wp\/v2\/media?parent=14432"}],"curies":[{"name":"wp","href":"https:\/\/api.w.org\/{rel}","templated":true}]}}