{"id":5894,"date":"2023-10-18T15:17:13","date_gmt":"2023-10-18T15:17:13","guid":{"rendered":"http:\/\/qdj-prototype.com\/?page_id=5894"},"modified":"2025-03-21T16:12:37","modified_gmt":"2025-03-21T16:12:37","slug":"solutions","status":"publish","type":"page","link":"https:\/\/qdj-prototype.com\/es\/soluciones\/","title":{"rendered":"Soluciones"},"content":{"rendered":"<section class=\"gb-container gb-container-5548fb0d alignwide\">\n<div class=\"gb-container gb-container-51361c10\">\n<h2 class=\"gb-headline gb-headline-efa10e8e\"><span class=\"gb-icon\"><svg viewbox=\"0 0 218.28 17.62\" xmlns=\"http:\/\/www.w3.org\/2000\/svg\" data-name=\"Capa 1\"><path d=\"M0 0h217.92v17.62H0z\"><\/path><\/svg><\/span><span class=\"gb-headline-text\">Nuestra <mark style=\"background-color:rgba(0, 0, 0, 0)\" class=\"has-inline-color has-global-color-blue-color\">Creaci\u00f3n r\u00e1pida de prototipos<\/mark><mark style=\"background-color:rgba(0, 0, 0, 0)\" class=\"has-inline-color has-accent-color\"> <\/mark><mark style=\"background-color:rgba(0, 0, 0, 0)\" class=\"has-inline-color has-global-color-blue-color\">soluci\u00f3n<\/mark> para cada sector<\/span><\/h2>\n\n<p class=\"gb-headline gb-headline-3b831d1d gb-headline-text\">Nuestras soluciones industriales para servicios de creaci\u00f3n de prototipos a medida est\u00e1n dise\u00f1adas para responder a los retos y necesidades espec\u00edficos de cada sector. Tanto si se dedica a la automoci\u00f3n como a la sanidad, la electr\u00f3nica de consumo o la educaci\u00f3n, sabemos que cada sector tiene unos requisitos espec\u00edficos. Nuestro equipo de expertos utiliza t\u00e9cnicas avanzadas como la impresi\u00f3n 3D, el mecanizado CNC y la fundici\u00f3n al vac\u00edo para crear prototipos que se ajusten exactamente a sus especificaciones. Colaboramos estrechamente con usted para garantizar que sus prototipos no s\u00f3lo sean de alta calidad, sino que tambi\u00e9n le ayuden a resolver problemas del mundo real. Con plazos de entrega r\u00e1pidos y soluciones rentables, le facilitamos la materializaci\u00f3n de sus ideas, sea cual sea el sector.<\/p>\n<\/div>\n\n<div class=\"gb-container gb-container-09ad485a\">\n<div class=\"gb-container gb-container-4af3db7a\" style=\"background-image: url(https:\/\/qdj-prototype.com\/wp-content\/uploads\/2024\/08\/rapid-prototyping-For-Medical-Devices-768x512.png);\"><\/div>\n\n<div class=\"gb-container gb-container-3be89473\">\n<h2 class=\"gb-headline gb-headline-4b108e20\"><span class=\"gb-icon\"><svg viewbox=\"0 0 218.28 17.62\" xmlns=\"http:\/\/www.w3.org\/2000\/svg\" data-name=\"Capa 1\"><path d=\"M0 0h217.92v17.62H0z\"><\/path><\/svg><\/span><span class=\"gb-headline-text\">Productos sanitarios<\/span><\/h2>\n\n<p class=\"gb-headline gb-headline-06681e63 gb-headline-text\">Nuestros productos sanitarios <a class=\"wpil_keyword_link\" href=\"http:\/\/qdj-prototype.com\/es\/\" target=\"_blank\" rel=\"noopener\" title=\"Creaci\u00f3n r\u00e1pida de prototipos\" data-wpil-keyword-link=\"linked\" data-wpil-monitor-id=\"3\">Creaci\u00f3n r\u00e1pida de prototipos<\/a> Solutions est\u00e1 dise\u00f1ado para ayudarle a dar vida a sus innovaciones m\u00e9dicas con rapidez y precisi\u00f3n. Tanto si est\u00e1 desarrollando nuevos dispositivos m\u00e9dicos como mejorando los existentes, nuestro servicio garantiza prototipos precisos y fiables. Gracias a nuestras avanzadas t\u00e9cnicas de fabricaci\u00f3n, como el mecanizado CNC, la impresi\u00f3n 3D y la fundici\u00f3n al vac\u00edo, ofrecemos piezas de alta calidad que cumplen los estrictos requisitos del sector m\u00e9dico. Nuestro equipo trabaja con usted para crear prototipos detallados y funcionales con plazos de entrega r\u00e1pidos, garantizando que pueda probar, perfeccionar y lanzar sus productos al mercado con mayor rapidez. Nos centramos tanto en la calidad como en la rapidez para ayudarle a mantenerse a la cabeza en el vertiginoso sector m\u00e9dico.<\/p>\n\n<a class=\"gb-button gb-button-57e0ebdf\" href=\"http:\/\/qdj-prototype.com\/es\/request-a-quote\/\" target=\"_blank\" rel=\"noopener noreferrer\"><span class=\"gb-button-text\">Saber m\u00e1s<\/span><span class=\"gb-icon\"><svg viewbox=\"0 0 247 165\" xmlns=\"http:\/\/www.w3.org\/2000\/svg\" data-name=\"Capa 1\"><path d=\"M33 0H0l66 82-66 83h33l66-83L33 0z\"><\/path><path d=\"M83 0H50l66 82-66 83h33l66-83L83 0z\"><\/path><path d=\"M181 0H99l66 82-66 83h82l66-83-66-82z\"><\/path><\/svg><\/span><\/a>\n<\/div>\n<\/div>\n\n<div class=\"gb-container gb-container-ab913b1f\">\n<div class=\"gb-container gb-container-ceece0e9\" style=\"background-image: url(https:\/\/qdj-prototype.com\/wp-content\/uploads\/2024\/08\/rapid-prototyping-for-Automotive-Industry-768x512.png);\"><\/div>\n\n<div class=\"gb-container gb-container-03f32f10\">\n<h2 class=\"gb-headline gb-headline-e4fb109a\"><span class=\"gb-icon\"><svg viewbox=\"0 0 218.28 17.62\" xmlns=\"http:\/\/www.w3.org\/2000\/svg\" data-name=\"Capa 1\"><path d=\"M0 0h217.92v17.62H0z\"><\/path><\/svg><\/span><span class=\"gb-headline-text\">Industria del autom\u00f3vil<\/span><\/h2>\n\n<p class=\"gb-headline gb-headline-fec9f6e3 gb-headline-text\">Nuestras soluciones de prototipado r\u00e1pido para automoci\u00f3n son perfectas para desarrollar piezas precisas y de alta calidad para el sector de la automoci\u00f3n. Tanto si trabaja con componentes de motor, piezas de interior o dise\u00f1os personalizados, le ofrecemos una forma r\u00e1pida y eficaz de crear prototipos que cumplan los exigentes est\u00e1ndares del sector de la automoci\u00f3n. Mediante t\u00e9cnicas avanzadas como el mecanizado CNC, la impresi\u00f3n 3D y la fundici\u00f3n al vac\u00edo, podemos producir prototipos duraderos y precisos que ayudan a acelerar el proceso de desarrollo de su producto. Con plazos de entrega r\u00e1pidos, soluciones rentables y un enfoque en la calidad, nuestro servicio garantiza que pueda probar y perfeccionar sus dise\u00f1os antes de pasar a la producci\u00f3n completa. Perm\u00edtanos ayudarle a acelerar la innovaci\u00f3n en el mundo de la automoci\u00f3n.<\/p>\n\n<a class=\"gb-button gb-button-ff132283\" href=\"http:\/\/qdj-prototype.com\/es\/request-a-quote\/\" target=\"_blank\" rel=\"noopener noreferrer\"><span class=\"gb-button-text\">Saber m\u00e1s<\/span><span class=\"gb-icon\"><svg viewbox=\"0 0 247 165\" xmlns=\"http:\/\/www.w3.org\/2000\/svg\" data-name=\"Capa 1\"><path d=\"M33 0H0l66 82-66 83h33l66-83L33 0z\"><\/path><path d=\"M83 0H50l66 82-66 83h33l66-83L83 0z\"><\/path><path d=\"M181 0H99l66 82-66 83h82l66-83-66-82z\"><\/path><\/svg><\/span><\/a>\n<\/div>\n<\/div>\n\n<div class=\"gb-container gb-container-0e2ea192\">\n<div class=\"gb-container gb-container-0c5c572a\" style=\"background-image: url(https:\/\/qdj-prototype.com\/wp-content\/uploads\/2024\/08\/rapid-prototyping-for-Consumer-Electronics-768x512.png);\"><\/div>\n\n<div class=\"gb-container gb-container-a41604f5\">\n<h2 class=\"gb-headline gb-headline-ec8365b7\"><span class=\"gb-icon\"><svg viewbox=\"0 0 218.28 17.62\" xmlns=\"http:\/\/www.w3.org\/2000\/svg\" data-name=\"Capa 1\"><path d=\"M0 0h217.92v17.62H0z\"><\/path><\/svg><\/span><span class=\"gb-headline-text\">Electr\u00f3nica de consumo<\/span><\/h2>\n\n<p class=\"gb-headline gb-headline-1997a482 gb-headline-text\">Nuestras soluciones de prototipado r\u00e1pido de electr\u00f3nica de consumo est\u00e1n dise\u00f1adas para ayudarle a dar vida a sus innovadores productos electr\u00f3nicos con mayor rapidez. Tanto si dise\u00f1a smartphones como dispositivos para llevar puestos o electrodom\u00e9sticos inteligentes, le garantizamos prototipos precisos y de alta calidad. Gracias a tecnolog\u00edas avanzadas como el mecanizado CNC, la impresi\u00f3n 3D y el moldeo por inyecci\u00f3n, entregamos piezas con acabados suaves, detalles precisos y rendimiento funcional. Con plazos de entrega r\u00e1pidos, le ayudamos a probar, refinar y perfeccionar sus dise\u00f1os antes de pasar a la producci\u00f3n en serie. Nuestro objetivo es ofrecer soluciones fiables y rentables que respondan a las r\u00e1pidas exigencias del sector de la electr\u00f3nica de consumo.<\/p>\n\n<a class=\"gb-button gb-button-db3eefcb\" href=\"http:\/\/qdj-prototype.com\/es\/request-a-quote\/\" target=\"_blank\" rel=\"noopener noreferrer\"><span class=\"gb-button-text\">Saber m\u00e1s<\/span><span class=\"gb-icon\"><svg viewbox=\"0 0 247 165\" xmlns=\"http:\/\/www.w3.org\/2000\/svg\" data-name=\"Capa 1\"><path d=\"M33 0H0l66 82-66 83h33l66-83L33 0z\"><\/path><path d=\"M83 0H50l66 82-66 83h33l66-83L83 0z\"><\/path><path d=\"M181 0H99l66 82-66 83h82l66-83-66-82z\"><\/path><\/svg><\/span><\/a>\n<\/div>\n<\/div>\n\n<div class=\"gb-container gb-container-f2f490ff\">\n<div class=\"gb-container gb-container-28b78903\" style=\"background-image: url(https:\/\/qdj-prototype.com\/wp-content\/uploads\/2024\/08\/rapid-prototyping-for-Education-Training-768x512.png);\"><\/div>\n\n<div class=\"gb-container gb-container-1d53c110\">\n<h2 class=\"gb-headline gb-headline-55e386ee\"><span class=\"gb-icon\"><svg viewbox=\"0 0 218.28 17.62\" xmlns=\"http:\/\/www.w3.org\/2000\/svg\" data-name=\"Capa 1\"><path d=\"M0 0h217.92v17.62H0z\"><\/path><\/svg><\/span><span class=\"gb-headline-text\">Educaci\u00f3n y formaci\u00f3n<\/span><\/h2>\n\n<p class=\"gb-headline gb-headline-d55b5722 gb-headline-text\">Nuestras soluciones de prototipado r\u00e1pido para educaci\u00f3n y formaci\u00f3n est\u00e1n dise\u00f1adas para ayudar a escuelas, centros de formaci\u00f3n y programas educativos a crear herramientas pr\u00e1cticas de aprendizaje y material did\u00e1ctico. Tanto si se trata de modelos para ciencias, ingenier\u00eda o formaci\u00f3n profesional, proporcionamos prototipos de alta calidad que son precisos y duraderos. Gracias a tecnolog\u00edas como la impresi\u00f3n en 3D, el mecanizado CNC y la fundici\u00f3n al vac\u00edo, producimos herramientas educativas de forma r\u00e1pida y rentable. Esto ayuda a los educadores a dar vida a conceptos complejos con ejemplos del mundo real, haciendo que el aprendizaje sea m\u00e1s interactivo y atractivo. Nuestro servicio r\u00e1pido y flexible le garantiza que obtendr\u00e1 los prototipos perfectos para sus necesidades de educaci\u00f3n y formaci\u00f3n.<\/p>\n\n<a class=\"gb-button gb-button-66991f1b\" href=\"http:\/\/qdj-prototype.com\/es\/request-a-quote\/\" target=\"_blank\" rel=\"noopener noreferrer\"><span class=\"gb-button-text\">Saber m\u00e1s<\/span><span class=\"gb-icon\"><svg viewbox=\"0 0 247 165\" xmlns=\"http:\/\/www.w3.org\/2000\/svg\" data-name=\"Capa 1\"><path d=\"M33 0H0l66 82-66 83h33l66-83L33 0z\"><\/path><path d=\"M83 0H50l66 82-66 83h33l66-83L83 0z\"><\/path><path d=\"M181 0H99l66 82-66 83h82l66-83-66-82z\"><\/path><\/svg><\/span><\/a>\n<\/div>\n<\/div>\n<\/section>","protected":false},"excerpt":{"rendered":"<p>Our Rapid Prototyping solution for every Industry Our Industry Solutions for tailored prototyping services is designed to meet the unique challenges and needs of every &#8230; <a title=\"Soluciones\" class=\"read-more\" href=\"https:\/\/qdj-prototype.com\/es\/soluciones\/\" aria-label=\"Leer m\u00e1s sobre Solutions\">Leer m\u00e1s<\/a><\/p>","protected":false},"author":1,"featured_media":12121,"parent":0,"menu_order":0,"comment_status":"closed","ping_status":"closed","template":"","meta":{"footnotes":""},"class_list":["post-5894","page","type-page","status-publish","has-post-thumbnail"],"_links":{"self":[{"href":"https:\/\/qdj-prototype.com\/es\/wp-json\/wp\/v2\/pages\/5894","targetHints":{"allow":["GET"]}}],"collection":[{"href":"https:\/\/qdj-prototype.com\/es\/wp-json\/wp\/v2\/pages"}],"about":[{"href":"https:\/\/qdj-prototype.com\/es\/wp-json\/wp\/v2\/types\/page"}],"author":[{"embeddable":true,"href":"https:\/\/qdj-prototype.com\/es\/wp-json\/wp\/v2\/users\/1"}],"replies":[{"embeddable":true,"href":"https:\/\/qdj-prototype.com\/es\/wp-json\/wp\/v2\/comments?post=5894"}],"version-history":[{"count":0,"href":"https:\/\/qdj-prototype.com\/es\/wp-json\/wp\/v2\/pages\/5894\/revisions"}],"wp:featuredmedia":[{"embeddable":true,"href":"https:\/\/qdj-prototype.com\/es\/wp-json\/wp\/v2\/media\/12121"}],"wp:attachment":[{"href":"https:\/\/qdj-prototype.com\/es\/wp-json\/wp\/v2\/media?parent=5894"}],"curies":[{"name":"wp","href":"https:\/\/api.w.org\/{rel}","templated":true}]}}