{"id":9464,"date":"2023-05-27T09:44:46","date_gmt":"2023-05-27T09:44:46","guid":{"rendered":"http:\/\/qdj-prototype.com\/?page_id=9464"},"modified":"2024-08-20T18:04:56","modified_gmt":"2024-08-20T18:04:56","slug":"aerospace-industry-solution","status":"publish","type":"page","link":"https:\/\/qdj-prototype.com\/es\/soluciones\/aerospace-industry-solution\/","title":{"rendered":"Soluci\u00f3n de prototipado r\u00e1pido para la industria aeroespacial"},"content":{"rendered":"<section class=\"gb-container gb-container-0a69ee58\">\n<h2 class=\"gb-headline gb-headline-da857073\"><span class=\"gb-icon\"><svg viewbox=\"0 0 218.28 17.62\" xmlns=\"http:\/\/www.w3.org\/2000\/svg\" data-name=\"Capa 1\"><path d=\"M0 0h217.92v17.62H0z\"><\/path><\/svg><\/span><span class=\"gb-headline-text\"><mark style=\"background-color:rgba(0, 0, 0, 0)\" class=\"has-inline-color has-accent-color\">Por qu\u00e9 elegir<\/mark> \u00bfNuestro servicio de prototipado r\u00e1pido?<\/span><\/h2>\n\n<div class=\"gb-container gb-container-6fdf37eb\">\n<div class=\"gb-container gb-container-02c9deb6\">\n<p class=\"gb-headline gb-headline-addfbacd gb-headline-text\">Cuando se encuentra en las primeras fases del desarrollo de un producto, necesita prototipos r\u00e1pidos y precisos para validar dise\u00f1os, realizar pruebas funcionales y exhibiciones. Los m\u00e9todos de fabricaci\u00f3n tradicionales pueden ser lentos y caros, pero nuestro servicio de prototipado r\u00e1pido ofrece la soluci\u00f3n perfecta.<\/p>\n\n<p class=\"gb-headline gb-headline-ccf1bc0e gb-headline-text\">Sabemos que su tiempo y su presupuesto son muy valiosos. Por eso nos comprometemos a ofrecer servicios de creaci\u00f3n de prototipos eficientes y fiables que le ayuden a destacar en un mercado tan competitivo.<\/p>\n<\/div>\n\n<div class=\"gb-container gb-container-01d0dc08\">\n<figure class=\"wp-block-embed is-type-video is-provider-youtube wp-block-embed-youtube wp-embed-aspect-4-3 wp-has-aspect-ratio\"><div class=\"wp-block-embed__wrapper\">\n<iframe title=\"QDJ-Prototype | Proveedor de soluciones de prototipado r\u00e1pido-QDJ para mecanizado CNC\" width=\"1200\" height=\"900\" src=\"https:\/\/www.youtube.com\/embed\/AG18uSbHJ5I?feature=oembed\" frameborder=\"0\" allow=\"accelerometer; autoplay; clipboard-write; encrypted-media; gyroscope; picture-in-picture; web-share\" referrerpolicy=\"strict-origin-when-cross-origin\" allowfullscreen><\/iframe>\n<\/div><\/figure>\n<\/div>\n<\/div>\n<\/section>","protected":false},"excerpt":{"rendered":"","protected":false},"author":1,"featured_media":0,"parent":5894,"menu_order":0,"comment_status":"closed","ping_status":"closed","template":"","meta":{"footnotes":""},"class_list":["post-9464","page","type-page","status-publish"],"_links":{"self":[{"href":"https:\/\/qdj-prototype.com\/es\/wp-json\/wp\/v2\/pages\/9464","targetHints":{"allow":["GET"]}}],"collection":[{"href":"https:\/\/qdj-prototype.com\/es\/wp-json\/wp\/v2\/pages"}],"about":[{"href":"https:\/\/qdj-prototype.com\/es\/wp-json\/wp\/v2\/types\/page"}],"author":[{"embeddable":true,"href":"https:\/\/qdj-prototype.com\/es\/wp-json\/wp\/v2\/users\/1"}],"replies":[{"embeddable":true,"href":"https:\/\/qdj-prototype.com\/es\/wp-json\/wp\/v2\/comments?post=9464"}],"version-history":[{"count":0,"href":"https:\/\/qdj-prototype.com\/es\/wp-json\/wp\/v2\/pages\/9464\/revisions"}],"up":[{"embeddable":true,"href":"https:\/\/qdj-prototype.com\/es\/wp-json\/wp\/v2\/pages\/5894"}],"wp:attachment":[{"href":"https:\/\/qdj-prototype.com\/es\/wp-json\/wp\/v2\/media?parent=9464"}],"curies":[{"name":"wp","href":"https:\/\/api.w.org\/{rel}","templated":true}]}}