{"id":10094,"date":"2023-08-04T06:16:34","date_gmt":"2023-08-04T06:16:34","guid":{"rendered":"http:\/\/qdj-prototype.com\/?post_type=product&#038;p=10094"},"modified":"2024-08-02T20:28:47","modified_gmt":"2024-08-02T20:28:47","slug":"prototype-production-factory","status":"publish","type":"product","link":"https:\/\/qdj-prototype.com\/es\/product\/fabrica-de-produccion-de-prototipos\/","title":{"rendered":"Procesamiento de piezas mec\u00e1nicas no est\u00e1ndar Fabricaci\u00f3n de rodamientos principales de m\u00e1quinas-herramienta Centro de mecanizado de 4 ejes y 5 ejes F\u00e1brica profesional de producci\u00f3n de prototipos"},"content":{"rendered":"<h2>Su f\u00e1brica de prototipos de confianza<\/h2>\n<p>Bienvenido a nuestras modernas instalaciones de fabricaci\u00f3n, donde la innovaci\u00f3n se combina a la perfecci\u00f3n con la precisi\u00f3n. Como l\u00edderes del sector en el procesamiento de piezas mec\u00e1nicas, mecanizado de piezas no est\u00e1ndar y fabricaci\u00f3n de cojinetes principales de m\u00e1quinas herramienta, nos enorgullecemos de ser la personificaci\u00f3n de la calidad y la fiabilidad. Con avanzados centros de mecanizado de 4 y 5 ejes, no s\u00f3lo ofrecemos servicios, sino un compromiso con la excelencia que nos distingue.<\/p>\n<p><img decoding=\"async\" class=\"aligncenter wp-image-10097 size-full\" src=\"http:\/\/qdj-prototype.com\/wp-content\/uploads\/2023\/08\/Mechanical-parts-non-standard-parts-processing-Machine-tool-main-bearing-manufacturing-4-axis-5-axis-machining-centre-Professional-prototype-production-factory3.jpg\" alt=\"f\u00e1brica de producci\u00f3n de prototipos\" width=\"800\" height=\"800\" title=\"\" srcset=\"https:\/\/qdj-prototype.com\/wp-content\/uploads\/2023\/08\/Mechanical-parts-non-standard-parts-processing-Machine-tool-main-bearing-manufacturing-4-axis-5-axis-machining-centre-Professional-prototype-production-factory3.jpg 800w, https:\/\/qdj-prototype.com\/wp-content\/uploads\/2023\/08\/Mechanical-parts-non-standard-parts-processing-Machine-tool-main-bearing-manufacturing-4-axis-5-axis-machining-centre-Professional-prototype-production-factory3-300x300.jpg 300w, https:\/\/qdj-prototype.com\/wp-content\/uploads\/2023\/08\/Mechanical-parts-non-standard-parts-processing-Machine-tool-main-bearing-manufacturing-4-axis-5-axis-machining-centre-Professional-prototype-production-factory3-150x150.jpg 150w, https:\/\/qdj-prototype.com\/wp-content\/uploads\/2023\/08\/Mechanical-parts-non-standard-parts-processing-Machine-tool-main-bearing-manufacturing-4-axis-5-axis-machining-centre-Professional-prototype-production-factory3-768x768.jpg 768w, https:\/\/qdj-prototype.com\/wp-content\/uploads\/2023\/08\/Mechanical-parts-non-standard-parts-processing-Machine-tool-main-bearing-manufacturing-4-axis-5-axis-machining-centre-Professional-prototype-production-factory3-600x600.jpg 600w, https:\/\/qdj-prototype.com\/wp-content\/uploads\/2023\/08\/Mechanical-parts-non-standard-parts-processing-Machine-tool-main-bearing-manufacturing-4-axis-5-axis-machining-centre-Professional-prototype-production-factory3-100x100.jpg 100w, https:\/\/qdj-prototype.com\/wp-content\/uploads\/2023\/08\/Mechanical-parts-non-standard-parts-processing-Machine-tool-main-bearing-manufacturing-4-axis-5-axis-machining-centre-Professional-prototype-production-factory3-96x96.jpg 96w\" sizes=\"(max-width: 800px) 100vw, 800px\" \/><\/p>\n<h3>Dominio del mecanizado de precisi\u00f3n en la f\u00e1brica de producci\u00f3n de prototipos:<\/h3>\n<p>La precisi\u00f3n no es s\u00f3lo una caracter\u00edstica para nosotros; es la esencia misma de nuestra experiencia en mecanizado. Nuestros avanzados centros de mecanizado de 4 y 5 ejes son testimonio de nuestra maestr\u00eda. Navegando por las complejidades del procesamiento de piezas no est\u00e1ndar, ofrecemos resultados que no s\u00f3lo cumplen las expectativas, sino que las superan, con una precisi\u00f3n inigualable.<\/p>\n<p>&nbsp;<\/p>\n<h3>Fabricaci\u00f3n de rodamientos principales de m\u00e1quina herramienta de primer nivel en f\u00e1brica de producci\u00f3n de prototipos:<\/h3>\n<p>En el \u00e1mbito de la fabricaci\u00f3n de rodamientos principales para m\u00e1quinas herramienta, establecemos el est\u00e1ndar de oro. Nuestro compromiso va m\u00e1s all\u00e1 de la creaci\u00f3n de rodamientos; elevamos su durabilidad y optimizamos el rendimiento general. Cuando nos elige, est\u00e1 eligiendo una base de fiabilidad integrada en cada rodamiento de M\u00e1quina-Herramienta.<\/p>\n<p>&nbsp;<\/p>\n<h3>Eficiencia con centros de mecanizado avanzados en f\u00e1brica de producci\u00f3n de prototipos:<\/h3>\n<p>La eficacia es la fuerza motriz de nuestros procesos de fabricaci\u00f3n. Nuestra maquinaria de \u00faltima generaci\u00f3n agiliza las operaciones, garantizando no s\u00f3lo la precisi\u00f3n, sino tambi\u00e9n la perfecta ejecuci\u00f3n de los dise\u00f1os m\u00e1s complejos. La complejidad se resuelve con sencillez, y cada proyecto refleja nuestro compromiso con la precisi\u00f3n y la eficacia.<\/p>\n<p>&nbsp;<\/p>\n<h3>Producci\u00f3n profesional de prototipos para una r\u00e1pida innovaci\u00f3n en la f\u00e1brica de producci\u00f3n de prototipos:<\/h3>\n<p>La innovaci\u00f3n exige rapidez, y en nuestra f\u00e1brica hemos perfeccionado el arte de la producci\u00f3n r\u00e1pida de prototipos. Crear prototipos no es s\u00f3lo un proceso; es una promesa que se cumple con un desarrollo r\u00e1pido y fiable. Conf\u00ede en nosotros para dar vida a sus dise\u00f1os r\u00e1pidamente y con la m\u00e1xima profesionalidad.<\/p>\n<p>&nbsp;<\/p>\n<h3>Liderazgo tecnol\u00f3gico para una ventaja competitiva en la f\u00e1brica de producci\u00f3n de prototipos:<\/h3>\n<p>Estar a la vanguardia no es s\u00f3lo una opci\u00f3n; es nuestro compromiso. Nuestra inversi\u00f3n continua en la tecnolog\u00eda m\u00e1s avanzada es la piedra angular de nuestra ventaja competitiva en el mecanizado de precisi\u00f3n. Pioneros en el mecanizado de piezas no est\u00e1ndar, asociarse con nosotros le garantiza mantenerse a la vanguardia de la innovaci\u00f3n del sector.<\/p>\n<p>&nbsp;<\/p>\n<h3>Un equipo cualificado garantiza los est\u00e1ndares industriales en la f\u00e1brica de producci\u00f3n de prototipos:<\/h3>\n<p>Nuestro equipo no s\u00f3lo est\u00e1 cualificado, sino que es el guardi\u00e1n de las normas del sector. La garant\u00eda de calidad no es una casilla de verificaci\u00f3n; est\u00e1 integrada en la cultura de nuestro equipo. Cuando nos elige, elige un equipo dedicado a una destreza inigualable y un compromiso inquebrantable con la excelencia.<\/p>\n<p>&nbsp;<\/p>\n<h3>Flexibilidad y personalizaci\u00f3n adaptadas a sus necesidades en la f\u00e1brica de producci\u00f3n de prototipos:<\/h3>\n<p>La adaptabilidad es la columna vertebral de nuestra filosof\u00eda de fabricaci\u00f3n. Nuestros procesos est\u00e1n dise\u00f1ados para ser flexibles y adaptarse perfectamente a sus necesidades espec\u00edficas. Las soluciones personalizadas adaptadas con precisi\u00f3n a sus especificaciones no son solo un servicio; son una garant\u00eda de satisfacci\u00f3n y eficacia.<\/p>\n<p>&nbsp;<\/p>\n<h3>Estricto control de calidad para una garant\u00eda inquebrantable en la f\u00e1brica de producci\u00f3n de prototipos:<\/h3>\n<p>La calidad no es s\u00f3lo un objetivo; es nuestra norma no negociable. Aplicamos medidas rigurosas para garantizar una calidad de producto no s\u00f3lo buena, sino superior. El cumplimiento de las normas del sector no es una opci\u00f3n; es la base de la fiabilidad y el rendimiento \u00f3ptimo de todos los componentes que salen de nuestras instalaciones.<\/p>\n<p>&nbsp;<\/p>\n<h3>Unas operaciones eficientes garantizan la entrega puntual en la f\u00e1brica de producci\u00f3n de prototipos:<\/h3>\n<p>La eficiencia es m\u00e1s que un distintivo: es la piedra angular de nuestras operaciones. Los procesos meticulosamente dise\u00f1ados no s\u00f3lo consisten en cumplir los plazos, sino en superar las expectativas sin comprometer la calidad. Conf\u00ede en nosotros para la entrega r\u00e1pida y fiable de componentes mecanizados, perfectamente alineados con sus necesidades de aprovisionamiento.<\/p>\n<p>&nbsp;<\/p>\n<p>En conclusi\u00f3n, bienvenido a nuestra f\u00e1brica de producci\u00f3n de prototipos, su socio de confianza para procesos de adquisici\u00f3n racionalizados, tecnolog\u00eda punta y entrega fiable de piezas mec\u00e1nicas de primera categor\u00eda. Conf\u00ede en nosotros por la sencillez, precisi\u00f3n y excelencia en todos los aspectos de nuestro servicio. As\u00f3ciese con nosotros para una fabricaci\u00f3n que no s\u00f3lo cumple las expectativas, sino que las supera.<\/p>\n<p style=\"text-align: center;\"><strong>F\u00e1brica profesional de prototipado r\u00e1pido Mejor calidad <\/strong><\/p>\n<p style=\"text-align: center;\"><strong>Calidad garantizada | Entrega a tiempo | Servicio excelente.<\/strong><\/p>\n<p>Ofrecemos servicios de mecanizado CNC, impresi\u00f3n 3D, moldeo por inyecci\u00f3n r\u00e1pida y fabricaci\u00f3n de bajo volumen para satisfacer sus necesidades de piezas y prototipos.<\/p>\n<p>[forminator_form id=\"9921\u2033]<\/p>","protected":false},"excerpt":{"rendered":"<p>Your Trusted Prototype Production Factory Welcome to our state-of-the-art manufacturing facility, where innovation seamlessly blends with precision. As industry leaders in mechanical parts processing, non-standard &#8230; <a title=\"Procesamiento de piezas mec\u00e1nicas no est\u00e1ndar Fabricaci\u00f3n de rodamientos principales de m\u00e1quinas-herramienta Centro de mecanizado de 4 ejes y 5 ejes F\u00e1brica profesional de producci\u00f3n de prototipos\" class=\"read-more\" href=\"https:\/\/qdj-prototype.com\/es\/product\/fabrica-de-produccion-de-prototipos\/\" aria-label=\"Procesamiento de piezas mec\u00e1nicas no est\u00e1ndar Fabricaci\u00f3n de rodamientos principales de m\u00e1quinas-herramienta Centro de mecanizado de 4 ejes y 5 ejes F\u00e1brica profesional de producci\u00f3n de prototipos\">Leer m\u00e1s<\/a><\/p>","protected":false},"featured_media":10097,"comment_status":"open","ping_status":"closed","template":"","meta":[],"product_brand":[],"product_cat":[117],"product_tag":[],"class_list":{"0":"post-10094","1":"product","2":"type-product","3":"status-publish","4":"has-post-thumbnail","6":"product_cat-cnc-machining-products","7":"pa_china-china","8":"pa_material-aluminum","9":"sales-flash-overlay","10":"woocommerce-text-align-center","11":"woocommerce-image-align-center","12":"do-quantity-buttons","14":"first","15":"instock","16":"shipping-taxable","17":"product-type-simple"},"_links":{"self":[{"href":"https:\/\/qdj-prototype.com\/es\/wp-json\/wp\/v2\/product\/10094","targetHints":{"allow":["GET"]}}],"collection":[{"href":"https:\/\/qdj-prototype.com\/es\/wp-json\/wp\/v2\/product"}],"about":[{"href":"https:\/\/qdj-prototype.com\/es\/wp-json\/wp\/v2\/types\/product"}],"replies":[{"embeddable":true,"href":"https:\/\/qdj-prototype.com\/es\/wp-json\/wp\/v2\/comments?post=10094"}],"wp:featuredmedia":[{"embeddable":true,"href":"https:\/\/qdj-prototype.com\/es\/wp-json\/wp\/v2\/media\/10097"}],"wp:attachment":[{"href":"https:\/\/qdj-prototype.com\/es\/wp-json\/wp\/v2\/media?parent=10094"}],"wp:term":[{"taxonomy":"product_brand","embeddable":true,"href":"https:\/\/qdj-prototype.com\/es\/wp-json\/wp\/v2\/product_brand?post=10094"},{"taxonomy":"product_cat","embeddable":true,"href":"https:\/\/qdj-prototype.com\/es\/wp-json\/wp\/v2\/product_cat?post=10094"},{"taxonomy":"product_tag","embeddable":true,"href":"https:\/\/qdj-prototype.com\/es\/wp-json\/wp\/v2\/product_tag?post=10094"}],"curies":[{"name":"wp","href":"https:\/\/api.w.org\/{rel}","templated":true}]}}