{"id":160,"date":"2017-12-19T05:32:20","date_gmt":"2017-12-19T05:32:20","guid":{"rendered":"http:\/\/qdj-prototype.com\/product\/anchor-bracelet\/"},"modified":"2023-10-19T05:35:02","modified_gmt":"2023-10-19T05:35:02","slug":"cnc-machining-of-electrical-equipment-parts-stainless-steel-precision-cnc-machining-of-mechanical-parts-prototype-manufacturing-small-batch-production","status":"publish","type":"product","link":"https:\/\/qdj-prototype.com\/es\/product\/cnc-machining-of-electrical-equipment-parts-stainless-steel-precision-cnc-machining-of-mechanical-parts-prototype-manufacturing-small-batch-production\/","title":{"rendered":"Mecanizado CNC de piezas de equipos el\u00e9ctricos Mecanizado CNC de precisi\u00f3n en acero inoxidable de piezas mec\u00e1nicas Fabricaci\u00f3n de prototipos Producci\u00f3n de peque\u00f1os lotes"},"content":{"rendered":"<p>[forminator_form id=\"9921\u2033]<\/p>","protected":false},"excerpt":{"rendered":"<p>[forminator_form id=\"9921\u2033]<\/p>","protected":false},"featured_media":6784,"comment_status":"open","ping_status":"closed","template":"","meta":[],"product_brand":[],"product_cat":[97,117],"product_tag":[161,162,160],"class_list":{"0":"post-160","1":"product","2":"type-product","3":"status-publish","4":"has-post-thumbnail","6":"product_cat-application-case","7":"product_cat-cnc-machining-products","8":"product_tag-cnc-machining","9":"product_tag-precision-machining","10":"product_tag-prototype-manufacturing","11":"sales-flash-overlay","12":"woocommerce-text-align-center","13":"woocommerce-image-align-center","14":"do-quantity-buttons","15":"wc-has-gallery","17":"first","18":"instock","19":"featured","20":"shipping-taxable","21":"product-type-simple"},"_links":{"self":[{"href":"https:\/\/qdj-prototype.com\/es\/wp-json\/wp\/v2\/product\/160","targetHints":{"allow":["GET"]}}],"collection":[{"href":"https:\/\/qdj-prototype.com\/es\/wp-json\/wp\/v2\/product"}],"about":[{"href":"https:\/\/qdj-prototype.com\/es\/wp-json\/wp\/v2\/types\/product"}],"replies":[{"embeddable":true,"href":"https:\/\/qdj-prototype.com\/es\/wp-json\/wp\/v2\/comments?post=160"}],"wp:featuredmedia":[{"embeddable":true,"href":"https:\/\/qdj-prototype.com\/es\/wp-json\/wp\/v2\/media\/6784"}],"wp:attachment":[{"href":"https:\/\/qdj-prototype.com\/es\/wp-json\/wp\/v2\/media?parent=160"}],"wp:term":[{"taxonomy":"product_brand","embeddable":true,"href":"https:\/\/qdj-prototype.com\/es\/wp-json\/wp\/v2\/product_brand?post=160"},{"taxonomy":"product_cat","embeddable":true,"href":"https:\/\/qdj-prototype.com\/es\/wp-json\/wp\/v2\/product_cat?post=160"},{"taxonomy":"product_tag","embeddable":true,"href":"https:\/\/qdj-prototype.com\/es\/wp-json\/wp\/v2\/product_tag?post=160"}],"curies":[{"name":"wp","href":"https:\/\/api.w.org\/{rel}","templated":true}]}}