{"id":252,"date":"2017-12-19T10:50:44","date_gmt":"2017-12-19T10:50:44","guid":{"rendered":"http:\/\/qdj-prototype.com\/product\/blue-denim-jeans\/"},"modified":"2023-08-10T13:57:05","modified_gmt":"2023-08-10T13:57:05","slug":"rapid-prototyping-cnc-machining-of-automotive-automation-parts-45_steel-structure-digital-electronic-parts-machining","status":"publish","type":"product","link":"https:\/\/qdj-prototype.com\/es\/product\/rapid-prototyping-cnc-machining-of-automotive-automation-parts-45_steel-structure-digital-electronic-parts-machining\/","title":{"rendered":"Mecanizado CNC de prototipos r\u00e1pidos de piezas de automatizaci\u00f3n de autom\u00f3viles 45_Mecanizado digital de piezas electr\u00f3nicas de estructura de acero"},"content":{"rendered":"<p>[forminator_form id=\"9921\u2033]<\/p>","protected":false},"excerpt":{"rendered":"<p>[forminator_form id=\"9921\u2033]<\/p>","protected":false},"featured_media":6772,"comment_status":"open","ping_status":"closed","template":"","meta":[],"product_brand":[],"product_cat":[97,117],"product_tag":[161,164],"class_list":{"0":"post-252","1":"product","2":"type-product","3":"status-publish","4":"has-post-thumbnail","6":"product_cat-application-case","7":"product_cat-cnc-machining-products","8":"product_tag-cnc-machining","9":"product_tag-rapid-prototyping","10":"sales-flash-overlay","11":"woocommerce-text-align-center","12":"woocommerce-image-align-center","13":"do-quantity-buttons","14":"wc-has-gallery","16":"first","17":"instock","18":"featured","19":"shipping-taxable","20":"product-type-simple"},"_links":{"self":[{"href":"https:\/\/qdj-prototype.com\/es\/wp-json\/wp\/v2\/product\/252","targetHints":{"allow":["GET"]}}],"collection":[{"href":"https:\/\/qdj-prototype.com\/es\/wp-json\/wp\/v2\/product"}],"about":[{"href":"https:\/\/qdj-prototype.com\/es\/wp-json\/wp\/v2\/types\/product"}],"replies":[{"embeddable":true,"href":"https:\/\/qdj-prototype.com\/es\/wp-json\/wp\/v2\/comments?post=252"}],"wp:featuredmedia":[{"embeddable":true,"href":"https:\/\/qdj-prototype.com\/es\/wp-json\/wp\/v2\/media\/6772"}],"wp:attachment":[{"href":"https:\/\/qdj-prototype.com\/es\/wp-json\/wp\/v2\/media?parent=252"}],"wp:term":[{"taxonomy":"product_brand","embeddable":true,"href":"https:\/\/qdj-prototype.com\/es\/wp-json\/wp\/v2\/product_brand?post=252"},{"taxonomy":"product_cat","embeddable":true,"href":"https:\/\/qdj-prototype.com\/es\/wp-json\/wp\/v2\/product_cat?post=252"},{"taxonomy":"product_tag","embeddable":true,"href":"https:\/\/qdj-prototype.com\/es\/wp-json\/wp\/v2\/product_tag?post=252"}],"curies":[{"name":"wp","href":"https:\/\/api.w.org\/{rel}","templated":true}]}}