{"id":14473,"date":"2024-08-19T12:38:53","date_gmt":"2024-08-19T12:38:53","guid":{"rendered":"http:\/\/qdj-prototype.com\/?page_id=14473"},"modified":"2025-03-21T14:27:50","modified_gmt":"2025-03-21T14:27:50","slug":"quality-control","status":"publish","type":"page","link":"https:\/\/qdj-prototype.com\/fr\/le-controle-de-la-qualite\/","title":{"rendered":"Contr\u00f4le de la qualit\u00e9"},"content":{"rendered":"<section class=\"gb-container gb-container-53ff3c59 alignfull\">\n<div class=\"gb-container gb-container-6fdb1a46\">\n<h3 class=\"gb-headline gb-headline-1e75eccf gb-headline-text\">Vous l'avez dessin\u00e9, nous l'avons fait<\/h3>\n\n<h2 class=\"gb-headline gb-headline-ebad4560 gb-headline-text\">Contr\u00f4le de la qualit\u00e9<\/h2>\n\n<p class=\"gb-headline gb-headline-5759ce2d gb-headline-text\">Chez QDJ-PROTOTYPE, nous assurons la livraison mondiale de prototypes de haute qualit\u00e9 gr\u00e2ce \u00e0 notre syst\u00e8me certifi\u00e9 ISO et \u00e0 nos processus rigoureux de contr\u00f4le de la qualit\u00e9.<\/p>\n\n<div class=\"gb-container gb-container-40bb03f1\">\n<a class=\"gb-button gb-button-37880a53 gb-button-text\" href=\"http:\/\/qdj-prototype.com\/fr\/request-a-quote\/\">Obtenir un devis maintenant<\/a>\n<\/div>\n<\/div>\n<\/section><section class=\"gb-container gb-container-56984af2 alignwide\">\n<p class=\"gb-headline gb-headline-eb3faeab gb-headline-text\">Chez QDJ-PROTOTYPE, la qualit\u00e9 est notre priorit\u00e9. Notre syst\u00e8me rigoureux de contr\u00f4le de la qualit\u00e9 garantit que chaque projet r\u00e9pond aux normes les plus strictes. Nous surveillons et contr\u00f4lons l'ensemble du processus, de la production \u00e0 la livraison et aux commentaires des clients, \u00e0 l'aide d'outils et d'\u00e9quipements de contr\u00f4le de la qualit\u00e9 avanc\u00e9s. Nos inspecteurs v\u00e9rifient rigoureusement chaque \u00e9tape pour s'assurer que les produits sont exactement conformes \u00e0 la commande. Gr\u00e2ce \u00e0 notre syst\u00e8me certifi\u00e9 ISO 9001, \u00e0 notre \u00e9quipement pr\u00e9cis et \u00e0 nos processus stricts, nous fournissons des prototypes de haute qualit\u00e9 dans le monde entier.<\/p>\n\n<div class=\"gb-container gb-container-5c606c3a\">\n<div class=\"gb-grid-wrapper gb-grid-wrapper-7d74b063\">\n<div class=\"gb-grid-column gb-grid-column-c96e0d17\"><div class=\"gb-container gb-container-c96e0d17\">\n<figure class=\"gb-block-image gb-block-image-dfd7117c\"><img decoding=\"async\" width=\"300\" height=\"300\" class=\"gb-image gb-image-dfd7117c\" src=\"http:\/\/qdj-prototype.com\/wp-content\/uploads\/2024\/12\/certified-ISO9001.png\" alt=\"certifi\u00e9 ISO 9001 QDJ-PROTOTYPE\" title=\"certified ISO9001\" srcset=\"https:\/\/qdj-prototype.com\/wp-content\/uploads\/2024\/12\/certified-ISO9001.png 300w, https:\/\/qdj-prototype.com\/wp-content\/uploads\/2024\/12\/certified-ISO9001-150x150.png 150w, https:\/\/qdj-prototype.com\/wp-content\/uploads\/2024\/12\/certified-ISO9001-12x12.png 12w, https:\/\/qdj-prototype.com\/wp-content\/uploads\/2024\/12\/certified-ISO9001-100x100.png 100w\" sizes=\"(max-width: 300px) 100vw, 300px\" \/><\/figure>\n<\/div><\/div>\n\n<div class=\"gb-grid-column gb-grid-column-9029b7be\"><div class=\"gb-container gb-container-9029b7be\">\n<figure class=\"gb-block-image gb-block-image-3e050eb7\"><img decoding=\"async\" width=\"300\" height=\"300\" class=\"gb-image gb-image-3e050eb7\" src=\"http:\/\/qdj-prototype.com\/wp-content\/uploads\/2024\/12\/certified-ISO13485.png\" alt=\"certifi\u00e9 ISO 13845 pour le contr\u00f4le de la qualit\u00e9 en QDJ-PROTOTYPE\" title=\"certified ISO13485\" srcset=\"https:\/\/qdj-prototype.com\/wp-content\/uploads\/2024\/12\/certified-ISO13485.png 300w, https:\/\/qdj-prototype.com\/wp-content\/uploads\/2024\/12\/certified-ISO13485-150x150.png 150w, https:\/\/qdj-prototype.com\/wp-content\/uploads\/2024\/12\/certified-ISO13485-12x12.png 12w, https:\/\/qdj-prototype.com\/wp-content\/uploads\/2024\/12\/certified-ISO13485-100x100.png 100w\" sizes=\"(max-width: 300px) 100vw, 300px\" \/><\/figure>\n<\/div><\/div>\n\n<div class=\"gb-grid-column gb-grid-column-0df9ddcc\"><div class=\"gb-container gb-container-0df9ddcc\">\n<figure class=\"gb-block-image gb-block-image-7b0eeb3d\"><img decoding=\"async\" width=\"300\" height=\"300\" class=\"gb-image gb-image-7b0eeb3d\" src=\"http:\/\/qdj-prototype.com\/wp-content\/uploads\/2024\/12\/certified-IATF16949.png\" alt=\"certifi\u00e9 IATF de contr\u00f4le de la qualit\u00e9 en QDJ-PROTOTYPE\" title=\"certified IATF16949\" srcset=\"https:\/\/qdj-prototype.com\/wp-content\/uploads\/2024\/12\/certified-IATF16949.png 300w, https:\/\/qdj-prototype.com\/wp-content\/uploads\/2024\/12\/certified-IATF16949-150x150.png 150w, https:\/\/qdj-prototype.com\/wp-content\/uploads\/2024\/12\/certified-IATF16949-12x12.png 12w, https:\/\/qdj-prototype.com\/wp-content\/uploads\/2024\/12\/certified-IATF16949-100x100.png 100w\" sizes=\"(max-width: 300px) 100vw, 300px\" \/><\/figure>\n<\/div><\/div>\n<\/div>\n<\/div>\n<\/section><section class=\"gb-container gb-container-0a69ee58\">\n<h2 class=\"gb-headline gb-headline-da857073\"><span class=\"gb-icon\"><svg viewbox=\"0 0 218.28 17.62\" xmlns=\"http:\/\/www.w3.org\/2000\/svg\" data-name=\"Capa 1\"><path d=\"M0 0h217.92v17.62H0z\"><\/path><\/svg><\/span><span class=\"gb-headline-text\">Nos processus de contr\u00f4le de la qualit\u00e9<\/span><\/h2>\n\n<div class=\"gb-container gb-container-02c9deb6\">\n<div class=\"gb-container gb-container-bf74d554\">\n<p class=\"gb-headline gb-headline-addfbacd gb-headline-text\">Nous appliquons un processus syst\u00e9matique de contr\u00f4le de la qualit\u00e9 afin de garantir que chaque \u00e9tape respecte des normes strictes.<\/p>\n\n<p class=\"gb-headline gb-headline-362b877c\"><span class=\"gb-icon\"><svg aria-hidden=\"true\" role=\"img\" height=\"1em\" width=\"1em\" viewbox=\"0 0 512 512\" xmlns=\"http:\/\/www.w3.org\/2000\/svg\"><path fill=\"currentColor\" d=\"M504 256c0 136.967-111.033 248-248 248S8 392.967 8 256 119.033 8 256 8s248 111.033 248 248zM227.314 387.314l184-184c6.248-6.248 6.248-16.379 0-22.627l-22.627-22.627c-6.248-6.249-16.379-6.249-22.628 0L216 308.118l-70.059-70.059c-6.248-6.248-16.379-6.248-22.628 0l-22.627 22.627c-6.248 6.248-6.248 16.379 0 22.627l104 104c6.249 6.249 16.379 6.249 22.628.001z\"><\/path><\/svg><\/span><span class=\"gb-headline-text\"><strong><mark style=\"background-color:rgba(0, 0, 0, 0)\" class=\"has-inline-color has-accent-color\">Pr\u00e9-production : <\/mark><\/strong>Examen d\u00e9taill\u00e9 des mat\u00e9riaux et des dessins de conception pour s'assurer que toutes les pr\u00e9parations sont termin\u00e9es avant le d\u00e9but de la fabrication.<\/span><\/p>\n\n<p class=\"gb-headline gb-headline-73a899a6\"><span class=\"gb-icon\"><svg aria-hidden=\"true\" role=\"img\" height=\"1em\" width=\"1em\" viewbox=\"0 0 512 512\" xmlns=\"http:\/\/www.w3.org\/2000\/svg\"><path fill=\"currentColor\" d=\"M504 256c0 136.967-111.033 248-248 248S8 392.967 8 256 119.033 8 256 8s248 111.033 248 248zM227.314 387.314l184-184c6.248-6.248 6.248-16.379 0-22.627l-22.627-22.627c-6.248-6.249-16.379-6.249-22.628 0L216 308.118l-70.059-70.059c-6.248-6.248-16.379-6.248-22.628 0l-22.627 22.627c-6.248 6.248-6.248 16.379 0 22.627l104 104c6.249 6.249 16.379 6.249 22.628.001z\"><\/path><\/svg><\/span><span class=\"gb-headline-text\"><mark style=\"background-color:rgba(0, 0, 0, 0)\" class=\"has-inline-color has-accent-color\"><strong>En cours de production : <\/strong><\/mark>Un contr\u00f4le continu et des inspections multiples au cours du processus de production afin de garantir que les exigences de qualit\u00e9 sont respect\u00e9es \u00e0 chaque \u00e9tape.<\/span><\/p>\n\n<p class=\"gb-headline gb-headline-10f3d9d0\"><span class=\"gb-icon\"><svg aria-hidden=\"true\" role=\"img\" height=\"1em\" width=\"1em\" viewbox=\"0 0 512 512\" xmlns=\"http:\/\/www.w3.org\/2000\/svg\"><path fill=\"currentColor\" d=\"M504 256c0 136.967-111.033 248-248 248S8 392.967 8 256 119.033 8 256 8s248 111.033 248 248zM227.314 387.314l184-184c6.248-6.248 6.248-16.379 0-22.627l-22.627-22.627c-6.248-6.249-16.379-6.249-22.628 0L216 308.118l-70.059-70.059c-6.248-6.248-16.379-6.248-22.628 0l-22.627 22.627c-6.248 6.248-6.248 16.379 0 22.627l104 104c6.249 6.249 16.379 6.249 22.628.001z\"><\/path><\/svg><\/span><span class=\"gb-headline-text\"><mark style=\"background-color:rgba(0, 0, 0, 0)\" class=\"has-inline-color has-accent-color\"><strong>Post-production :<\/strong> <\/mark>Des inspections finales compl\u00e8tes, y compris des essais dimensionnels et fonctionnels, pour s'assurer que les produits sont enti\u00e8rement conformes aux sp\u00e9cifications de conception.<\/span><\/p>\n<\/div>\n\n<div class=\"gb-container gb-container-fd51f09e\"><\/div>\n<\/div>\n<\/section><div class=\"gb-container gb-container-110a1597\">\n<section class=\"gb-container gb-container-a68f7ee7 alignfull\">\n<div class=\"gb-container gb-container-eaa55387\">\n<h2 class=\"gb-headline gb-headline-30ed1e6b\"><span class=\"gb-icon\"><svg viewbox=\"0 0 218.28 17.62\" xmlns=\"http:\/\/www.w3.org\/2000\/svg\" data-name=\"Capa 1\"><path d=\"M0 0h217.92v17.62H0z\"><\/path><\/svg><\/span><span class=\"gb-headline-text\">M\u00e9thodes et \u00e9quipements d'inspection avanc\u00e9s<\/span><\/h2>\n<\/div>\n<\/section>\n\n<section class=\"gb-container gb-container-72aaaf6c\">\n<div class=\"gb-grid-wrapper gb-grid-wrapper-97dd5751\">\n<div class=\"gb-grid-column gb-grid-column-cfc59179\"><div class=\"gb-container gb-container-cfc59179\">\n<figure class=\"gb-block-image gb-block-image-d57f8913\"><img decoding=\"async\" width=\"600\" height=\"400\" class=\"gb-image gb-image-d57f8913\" src=\"http:\/\/qdj-prototype.com\/wp-content\/uploads\/2024\/10\/Quality-Control-Testing-Equipment-Microscope-of-QDJ-PROTOTYPE-jpg.webp\" alt=\"\u00c9quipement de contr\u00f4le de la qualit\u00e9 Microscope de QDJ-PROTOTYPE\" title=\"\u00c9quipement de contr\u00f4le de la qualit\u00e9 Microscope de QDJ-PROTOTYPE\" srcset=\"https:\/\/qdj-prototype.com\/wp-content\/uploads\/2024\/10\/Quality-Control-Testing-Equipment-Microscope-of-QDJ-PROTOTYPE-jpg.webp 600w, https:\/\/qdj-prototype.com\/wp-content\/uploads\/2024\/10\/Quality-Control-Testing-Equipment-Microscope-of-QDJ-PROTOTYPE-300x200.webp 300w\" sizes=\"(max-width: 600px) 100vw, 600px\" \/><\/figure>\n\n<h3 class=\"gb-headline gb-headline-9f7a434d gb-headline-text\"><strong>Inspection visuelle<\/strong><\/h3>\n\n<p class=\"gb-headline gb-headline-e8b326cd gb-headline-text\">Des inspections visuelles professionnelles pour s'assurer que les produits sont exempts de d\u00e9fauts.<\/p>\n<\/div><\/div>\n\n<div class=\"gb-grid-column gb-grid-column-2477b8b2\"><div class=\"gb-container gb-container-2477b8b2\">\n<figure class=\"gb-block-image gb-block-image-2ae58399\"><img decoding=\"async\" width=\"600\" height=\"400\" class=\"gb-image gb-image-2ae58399\" src=\"http:\/\/qdj-prototype.com\/wp-content\/uploads\/2024\/10\/Quality-Control-Testing-Equipment-Center-CMM-of-QDJ-PROTOTYPE-jpg.webp\" alt=\"Centre d&#039;essai de contr\u00f4le de la qualit\u00e9 CMM de QDJ-PROTOTYPE\" title=\"Centre d&#039;essai de contr\u00f4le de la qualit\u00e9 CMM de QDJ-PROTOTYPE\" srcset=\"https:\/\/qdj-prototype.com\/wp-content\/uploads\/2024\/10\/Quality-Control-Testing-Equipment-Center-CMM-of-QDJ-PROTOTYPE-jpg.webp 600w, https:\/\/qdj-prototype.com\/wp-content\/uploads\/2024\/10\/Quality-Control-Testing-Equipment-Center-CMM-of-QDJ-PROTOTYPE-300x200.webp 300w\" sizes=\"(max-width: 600px) 100vw, 600px\" \/><\/figure>\n\n<h3 class=\"gb-headline gb-headline-77425ad5 gb-headline-text\"><strong>Contr\u00f4le dimensionnel<\/strong><\/h3>\n\n<p class=\"gb-headline gb-headline-b1fd8118 gb-headline-text\">Mesures dimensionnelles d\u00e9taill\u00e9es \u00e0 l'aide de <a href=\"http:\/\/qdj-prototype.com\/fr\/cnc-machining-advancements\/\" target=\"_blank\" rel=\"noopener\" data-wpil-monitor-id=\"64\">des \u00e9quipements de pointe tels que des machines CMM<\/a>.<\/p>\n<\/div><\/div>\n\n<div class=\"gb-grid-column gb-grid-column-af84ad92\"><div class=\"gb-container gb-container-af84ad92\">\n<figure class=\"gb-block-image gb-block-image-0f8ca44e\"><img decoding=\"async\" width=\"600\" height=\"400\" class=\"gb-image gb-image-0f8ca44e\" src=\"http:\/\/qdj-prototype.com\/wp-content\/uploads\/2024\/10\/Quality-Control-Testing-Equipment-Hardness-Tester-of-QDJ-PROTOTYPE-jpg.webp\" alt=\"\u00c9quipement de contr\u00f4le de la qualit\u00e9 Testeur de duret\u00e9 QDJ-PROTOTYPE\" title=\"\u00c9quipement de contr\u00f4le de la qualit\u00e9 Testeur de duret\u00e9 QDJ-PROTOTYPE\" srcset=\"https:\/\/qdj-prototype.com\/wp-content\/uploads\/2024\/10\/Quality-Control-Testing-Equipment-Hardness-Tester-of-QDJ-PROTOTYPE-jpg.webp 600w, https:\/\/qdj-prototype.com\/wp-content\/uploads\/2024\/10\/Quality-Control-Testing-Equipment-Hardness-Tester-of-QDJ-PROTOTYPE-300x200.webp 300w\" sizes=\"(max-width: 600px) 100vw, 600px\" \/><\/figure>\n\n<h3 class=\"gb-headline gb-headline-b09dbc67 gb-headline-text\">Inspection des performances<\/h3>\n\n<p class=\"gb-headline gb-headline-7636f691 gb-headline-text\">Tests stricts des fonctions et des performances des produits pour s'assurer qu'ils r\u00e9pondent aux exigences des clients.<\/p>\n<\/div><\/div>\n<\/div>\n<\/section>\n<\/div>","protected":false},"excerpt":{"rendered":"<p>You Desgin it WE made it Contr\u00f4le de la qualit\u00e9 Chez QDJ-PROTOTYPE, nous assurons la livraison mondiale de prototypes de haute qualit\u00e9 gr\u00e2ce \u00e0 notre syst\u00e8me certifi\u00e9 ISO et \u00e0 des normes de qualit\u00e9 rigoureuses ... <a title=\"Contr\u00f4le de la qualit\u00e9\" class=\"read-more\" href=\"https:\/\/qdj-prototype.com\/fr\/le-controle-de-la-qualite\/\" aria-label=\"En savoir plus sur Quality Control\">Lire plus<\/a><\/p>","protected":false},"author":1,"featured_media":15578,"parent":0,"menu_order":0,"comment_status":"closed","ping_status":"closed","template":"","meta":{"footnotes":""},"class_list":["post-14473","page","type-page","status-publish","has-post-thumbnail"],"_links":{"self":[{"href":"https:\/\/qdj-prototype.com\/fr\/wp-json\/wp\/v2\/pages\/14473","targetHints":{"allow":["GET"]}}],"collection":[{"href":"https:\/\/qdj-prototype.com\/fr\/wp-json\/wp\/v2\/pages"}],"about":[{"href":"https:\/\/qdj-prototype.com\/fr\/wp-json\/wp\/v2\/types\/page"}],"author":[{"embeddable":true,"href":"https:\/\/qdj-prototype.com\/fr\/wp-json\/wp\/v2\/users\/1"}],"replies":[{"embeddable":true,"href":"https:\/\/qdj-prototype.com\/fr\/wp-json\/wp\/v2\/comments?post=14473"}],"version-history":[{"count":0,"href":"https:\/\/qdj-prototype.com\/fr\/wp-json\/wp\/v2\/pages\/14473\/revisions"}],"wp:featuredmedia":[{"embeddable":true,"href":"https:\/\/qdj-prototype.com\/fr\/wp-json\/wp\/v2\/media\/15578"}],"wp:attachment":[{"href":"https:\/\/qdj-prototype.com\/fr\/wp-json\/wp\/v2\/media?parent=14473"}],"curies":[{"name":"wp","href":"https:\/\/api.w.org\/{rel}","templated":true}]}}