{"id":10019,"date":"2023-08-03T05:46:19","date_gmt":"2023-08-03T05:46:19","guid":{"rendered":"http:\/\/qdj-prototype.com\/?post_type=product&#038;p=10019"},"modified":"2024-12-21T23:00:33","modified_gmt":"2024-12-21T23:00:33","slug":"prototype-manufacturing-copper-parts","status":"publish","type":"product","link":"https:\/\/qdj-prototype.com\/fr\/produit\/prototype-manufacturing-copper-parts\/","title":{"rendered":"Pi\u00e8ces de tournage CNC Pi\u00e8ces en laiton Prototype Fabrication Pi\u00e8ces en cuivre Traitement en Chine Production de masse Usine"},"content":{"rendered":"<p>[forminator_form id=\"9921\u2033]<\/p>","protected":false},"excerpt":{"rendered":"<p>[forminator_form id=\"9921\u2033]<\/p>","protected":false},"featured_media":10020,"comment_status":"open","ping_status":"closed","template":"","meta":[],"product_brand":[],"product_cat":[117],"product_tag":[],"class_list":{"0":"post-10019","1":"product","2":"type-product","3":"status-publish","4":"has-post-thumbnail","6":"product_cat-cnc-machining-products","7":"sales-flash-overlay","8":"woocommerce-text-align-center","9":"woocommerce-image-align-center","10":"do-quantity-buttons","11":"wc-has-gallery","13":"first","14":"instock","15":"shipping-taxable","16":"product-type-simple"},"_links":{"self":[{"href":"https:\/\/qdj-prototype.com\/fr\/wp-json\/wp\/v2\/product\/10019","targetHints":{"allow":["GET"]}}],"collection":[{"href":"https:\/\/qdj-prototype.com\/fr\/wp-json\/wp\/v2\/product"}],"about":[{"href":"https:\/\/qdj-prototype.com\/fr\/wp-json\/wp\/v2\/types\/product"}],"replies":[{"embeddable":true,"href":"https:\/\/qdj-prototype.com\/fr\/wp-json\/wp\/v2\/comments?post=10019"}],"wp:featuredmedia":[{"embeddable":true,"href":"https:\/\/qdj-prototype.com\/fr\/wp-json\/wp\/v2\/media\/10020"}],"wp:attachment":[{"href":"https:\/\/qdj-prototype.com\/fr\/wp-json\/wp\/v2\/media?parent=10019"}],"wp:term":[{"taxonomy":"product_brand","embeddable":true,"href":"https:\/\/qdj-prototype.com\/fr\/wp-json\/wp\/v2\/product_brand?post=10019"},{"taxonomy":"product_cat","embeddable":true,"href":"https:\/\/qdj-prototype.com\/fr\/wp-json\/wp\/v2\/product_cat?post=10019"},{"taxonomy":"product_tag","embeddable":true,"href":"https:\/\/qdj-prototype.com\/fr\/wp-json\/wp\/v2\/product_tag?post=10019"}],"curies":[{"name":"wp","href":"https:\/\/api.w.org\/{rel}","templated":true}]}}