{"id":10079,"date":"2023-08-03T07:39:59","date_gmt":"2023-08-03T07:39:59","guid":{"rendered":"http:\/\/qdj-prototype.com\/?post_type=product&#038;p=10079"},"modified":"2024-01-23T02:46:45","modified_gmt":"2024-01-23T02:46:45","slug":"custom-bumper-molding","status":"publish","type":"product","link":"https:\/\/qdj-prototype.com\/fr\/produit\/custom-bumper-molding\/","title":{"rendered":"Moules pour pare-chocs pour pi\u00e8ces automobiles moules pour injection plastique moules pour pi\u00e8ces automobiles moules pour pi\u00e8ces automobiles moules pour pi\u00e8ces automobiles moules pour pi\u00e8ces automobiles moules pour pi\u00e8ces automobiles moules pour pi\u00e8ces automobiles moules pour pi\u00e8ces automobiles moules pour pi\u00e8ces automobiles"},"content":{"rendered":"<p>[forminator_form id=\"9921\u2033]<\/p>","protected":false},"excerpt":{"rendered":"<p>[forminator_form id=\"9921\u2033]<\/p>","protected":false},"featured_media":12028,"comment_status":"open","ping_status":"closed","template":"","meta":[],"product_brand":[],"product_cat":[117,120,119],"product_tag":[],"class_list":{"0":"post-10079","1":"product","2":"type-product","3":"status-publish","4":"has-post-thumbnail","6":"product_cat-cnc-machining-products","7":"product_cat-injection-molded-products","8":"product_cat-mold-making-products","9":"sales-flash-overlay","10":"woocommerce-text-align-center","11":"woocommerce-image-align-center","12":"do-quantity-buttons","13":"wc-has-gallery","15":"first","16":"instock","17":"shipping-taxable","18":"product-type-simple"},"_links":{"self":[{"href":"https:\/\/qdj-prototype.com\/fr\/wp-json\/wp\/v2\/product\/10079","targetHints":{"allow":["GET"]}}],"collection":[{"href":"https:\/\/qdj-prototype.com\/fr\/wp-json\/wp\/v2\/product"}],"about":[{"href":"https:\/\/qdj-prototype.com\/fr\/wp-json\/wp\/v2\/types\/product"}],"replies":[{"embeddable":true,"href":"https:\/\/qdj-prototype.com\/fr\/wp-json\/wp\/v2\/comments?post=10079"}],"wp:featuredmedia":[{"embeddable":true,"href":"https:\/\/qdj-prototype.com\/fr\/wp-json\/wp\/v2\/media\/12028"}],"wp:attachment":[{"href":"https:\/\/qdj-prototype.com\/fr\/wp-json\/wp\/v2\/media?parent=10079"}],"wp:term":[{"taxonomy":"product_brand","embeddable":true,"href":"https:\/\/qdj-prototype.com\/fr\/wp-json\/wp\/v2\/product_brand?post=10079"},{"taxonomy":"product_cat","embeddable":true,"href":"https:\/\/qdj-prototype.com\/fr\/wp-json\/wp\/v2\/product_cat?post=10079"},{"taxonomy":"product_tag","embeddable":true,"href":"https:\/\/qdj-prototype.com\/fr\/wp-json\/wp\/v2\/product_tag?post=10079"}],"curies":[{"name":"wp","href":"https:\/\/api.w.org\/{rel}","templated":true}]}}