{"id":10087,"date":"2023-08-03T07:54:23","date_gmt":"2023-08-03T07:54:23","guid":{"rendered":"http:\/\/qdj-prototype.com\/?post_type=product&#038;p=10087"},"modified":"2023-08-10T14:02:12","modified_gmt":"2023-08-10T14:02:12","slug":"processing-aluminum-alloy-parts","status":"publish","type":"product","link":"https:\/\/qdj-prototype.com\/fr\/produit\/processing-aluminum-alloy-parts\/","title":{"rendered":"Pi\u00e8ces de pr\u00e9cision usin\u00e9es pi\u00e8ces en aluminium pi\u00e8ces automatiques finition des pi\u00e8ces petit lot traitement des prototypes CNC pi\u00e8ces en alliage d'aluminium2"},"content":{"rendered":"<p>[forminator_form id=\"9921\u2033]<\/p>","protected":false},"excerpt":{"rendered":"<p>[forminator_form id=\"9921\u2033]<\/p>","protected":false},"featured_media":10089,"comment_status":"open","ping_status":"closed","template":"","meta":[],"product_brand":[],"product_cat":[117],"product_tag":[],"class_list":{"0":"post-10087","1":"product","2":"type-product","3":"status-publish","4":"has-post-thumbnail","6":"product_cat-cnc-machining-products","7":"sales-flash-overlay","8":"woocommerce-text-align-center","9":"woocommerce-image-align-center","10":"do-quantity-buttons","11":"wc-has-gallery","13":"first","14":"instock","15":"shipping-taxable","16":"product-type-simple"},"_links":{"self":[{"href":"https:\/\/qdj-prototype.com\/fr\/wp-json\/wp\/v2\/product\/10087","targetHints":{"allow":["GET"]}}],"collection":[{"href":"https:\/\/qdj-prototype.com\/fr\/wp-json\/wp\/v2\/product"}],"about":[{"href":"https:\/\/qdj-prototype.com\/fr\/wp-json\/wp\/v2\/types\/product"}],"replies":[{"embeddable":true,"href":"https:\/\/qdj-prototype.com\/fr\/wp-json\/wp\/v2\/comments?post=10087"}],"wp:featuredmedia":[{"embeddable":true,"href":"https:\/\/qdj-prototype.com\/fr\/wp-json\/wp\/v2\/media\/10089"}],"wp:attachment":[{"href":"https:\/\/qdj-prototype.com\/fr\/wp-json\/wp\/v2\/media?parent=10087"}],"wp:term":[{"taxonomy":"product_brand","embeddable":true,"href":"https:\/\/qdj-prototype.com\/fr\/wp-json\/wp\/v2\/product_brand?post=10087"},{"taxonomy":"product_cat","embeddable":true,"href":"https:\/\/qdj-prototype.com\/fr\/wp-json\/wp\/v2\/product_cat?post=10087"},{"taxonomy":"product_tag","embeddable":true,"href":"https:\/\/qdj-prototype.com\/fr\/wp-json\/wp\/v2\/product_tag?post=10087"}],"curies":[{"name":"wp","href":"https:\/\/api.w.org\/{rel}","templated":true}]}}