{"id":10042,"date":"2023-08-03T06:43:38","date_gmt":"2023-08-03T06:43:38","guid":{"rendered":"http:\/\/qdj-prototype.com\/?post_type=product&#038;p=10042"},"modified":"2023-08-10T14:00:57","modified_gmt":"2023-08-10T14:00:57","slug":"stainless-steel-parts-prototype-manufacturing","status":"publish","type":"product","link":"https:\/\/qdj-prototype.com\/pt\/product\/stainless-steel-parts-prototype-manufacturing\/","title":{"rendered":"Fabrico de prot\u00f3tipos de pe\u00e7as de a\u00e7o inoxid\u00e1vel para mapear acess\u00f3rios de produtos de tecnologia de IA personalizados processamento de pequenos lotes2"},"content":{"rendered":"<p>[forminator_form id=\"9921\u2033]<\/p>","protected":false},"excerpt":{"rendered":"<p>[forminator_form id=\"9921\u2033]<\/p>","protected":false},"featured_media":10044,"comment_status":"open","ping_status":"closed","template":"","meta":[],"product_brand":[],"product_cat":[117],"product_tag":[],"class_list":{"0":"post-10042","1":"product","2":"type-product","3":"status-publish","4":"has-post-thumbnail","6":"product_cat-cnc-machining-products","7":"sales-flash-overlay","8":"woocommerce-text-align-center","9":"woocommerce-image-align-center","10":"do-quantity-buttons","11":"wc-has-gallery","13":"first","14":"instock","15":"shipping-taxable","16":"product-type-simple"},"_links":{"self":[{"href":"https:\/\/qdj-prototype.com\/pt\/wp-json\/wp\/v2\/product\/10042","targetHints":{"allow":["GET"]}}],"collection":[{"href":"https:\/\/qdj-prototype.com\/pt\/wp-json\/wp\/v2\/product"}],"about":[{"href":"https:\/\/qdj-prototype.com\/pt\/wp-json\/wp\/v2\/types\/product"}],"replies":[{"embeddable":true,"href":"https:\/\/qdj-prototype.com\/pt\/wp-json\/wp\/v2\/comments?post=10042"}],"wp:featuredmedia":[{"embeddable":true,"href":"https:\/\/qdj-prototype.com\/pt\/wp-json\/wp\/v2\/media\/10044"}],"wp:attachment":[{"href":"https:\/\/qdj-prototype.com\/pt\/wp-json\/wp\/v2\/media?parent=10042"}],"wp:term":[{"taxonomy":"product_brand","embeddable":true,"href":"https:\/\/qdj-prototype.com\/pt\/wp-json\/wp\/v2\/product_brand?post=10042"},{"taxonomy":"product_cat","embeddable":true,"href":"https:\/\/qdj-prototype.com\/pt\/wp-json\/wp\/v2\/product_cat?post=10042"},{"taxonomy":"product_tag","embeddable":true,"href":"https:\/\/qdj-prototype.com\/pt\/wp-json\/wp\/v2\/product_tag?post=10042"}],"curies":[{"name":"wp","href":"https:\/\/api.w.org\/{rel}","templated":true}]}}